{"id":3364,"date":"2024-12-11T21:16:03","date_gmt":"2024-12-11T18:16:03","guid":{"rendered":"http:\/\/localhost\/cat\/?page_id=3364"},"modified":"2024-12-11T21:16:03","modified_gmt":"2024-12-11T18:16:03","slug":"kisisel-verilerin-islenmesi-hakkinda-aydinlatma-metni","status":"publish","type":"page","link":"https:\/\/www.catguvenlik.com\/en\/kisisel-verilerin-islenmesi-hakkinda-aydinlatma-metni\/","title":{"rendered":"Ki\u015fisel Verilerin \u0130\u015flenmesi Hakk\u0131nda Ayd\u0131nlatma Metni"},"content":{"rendered":"<p>CAT G\u00dcVENL\u0130K H\u0130ZMETLER\u0130 LTD. \u015eT\u0130. K\u0130\u015e\u0130SEL VER\u0130LER\u0130N \u0130\u015eLENMES\u0130 HAKKINDA AYDINLATMA METN\u0130<\/p>\n<p>6698 Say\u0131l\u0131 Ki\u015fisel Verilerin Korunmas\u0131 Kanunu (KVKK), ki\u015fisel verilerin i\u015flenmesi s\u0131ras\u0131nda uyulmas\u0131 gerekli usul ve esaslar\u0131 d\u00fczenlemek amac\u0131 ile y\u00fcr\u00fcrl\u00fc\u011fe girmi\u015ftir.<\/p>\n<p>Ki\u015fisel verilerinizin \u015firketimizce i\u015flenmesi gerekebilmektedir. Bu nedenle ki\u015fisel verilerinizin \u015firketimiz taraf\u0131ndan ne \u015fekilde i\u015flendi\u011fi hakk\u0131nda sizlere bilgi vermek isteriz.<\/p>\n<ol>\n<li>Veri Sorumlusu Hakk\u0131nda<\/li>\n<\/ol>\n<p>Ki\u015fisel verileriniz, 6698 say\u0131l\u0131 Ki\u015fisel Verilerin Korunmas\u0131 Kanunu kapsam\u0131nda CAT G\u00dcVENL\u0130K H\u0130ZMETLER\u0130 LTD. \u015eT\u0130 taraf\u0131ndan i\u015flenebilecektir. Kanun kapsam\u0131nda CAT G\u00dcVENL\u0130K H\u0130ZMETLER\u0130 LTD. \u015eT\u0130 veri sorumlusu olarak kabul edilmektedir.<\/p>\n<ol>\n<li>\u0130\u015flenen Ki\u015fisel Verilerin, Hangi Ama\u00e7la Kimlere Aktar\u0131labilece\u011fi Hakk\u0131nda<\/li>\n<\/ol>\n<p>Toplanmas\u0131 halinde ki\u015fisel verileriniz, \u015firketimizin ticari ve \u00e7al\u0131\u015fma hedeflerinin belirlenmesi ve hayata ge\u00e7irilmesi, \u00e7al\u0131\u015fma ko\u015fullar\u0131 politikalar\u0131n\u0131n s\u00fcrd\u00fcr\u00fclebilmesi amac\u0131yla, kanunlar\u0131n yetkilendirdikleri kurum ve \u00f6zel ki\u015filerle ve hizmet verdi\u011fimiz as\u0131l i\u015fverenlerle KVKK 8. Ve 9. Maddesinde \u00f6ng\u00f6r\u00fclen me\u015fru \u015fekilde payla\u015f\u0131lmaktad\u0131r.<\/p>\n<ol>\n<li>Ki\u015fisel Veri Toplaman\u0131n Y\u00f6ntemi ve Hukuki Sebebi<\/li>\n<\/ol>\n<p>Ki\u015fisel verileriniz, yukar\u0131da yer verilen Ama\u00e7lar do\u011frultusunda her t\u00fcrl\u00fc s\u00f6zl\u00fc, yaz\u0131l\u0131 ya da elektronik ortamda, yukar\u0131da yer verilen ama\u00e7lar do\u011frultusunda ilgili mal ve hizmetlerimizin sunulabilmesi ve bu kapsamda \u015firketimizin s\u00f6zle\u015fme ve yasadan do\u011fan mesuliyetlerini eksiksiz ve do\u011fru bir \u015fekilde yerine getirebilmesi gayesi ile edinilir.<\/p>\n<ol start=\"11\">\n<li>Ki\u015fisel Veri Sahibinin KVK Kanunu\u2019nun 11. Maddesinden Do\u011fan Haklar\u0131<\/li>\n<\/ol>\n<p>Ki\u015fisel veri sahipleri olarak, haklar\u0131n\u0131z a\u015fa\u011f\u0131da a\u00e7\u0131klanmaktad\u0131r.<\/p>\n<ul>\n<li>Ki\u015fisel veri i\u015flenip i\u015flenmedi\u011fini \u00f6\u011frenme,<\/li>\n<li>Ki\u015fisel verileri i\u015flenmi\u015fse buna ili\u015fkin bilgi talep etme,<\/li>\n<li>Ki\u015fisel verilerin i\u015flenme amac\u0131n\u0131 ve bunlar\u0131n amac\u0131na uygun kullan\u0131l\u0131p kullan\u0131lmad\u0131\u011f\u0131n\u0131 \u00f6\u011frenme,<\/li>\n<li>Yurt i\u00e7inde veya yurt d\u0131\u015f\u0131nda ki\u015fisel verilerin aktar\u0131ld\u0131\u011f\u0131 \u00fc\u00e7\u00fcnc\u00fc ki\u015fileri bilme,<\/li>\n<li>Ki\u015fisel verilerin eksik veya yanl\u0131\u015f i\u015flenmi\u015f olmas\u0131 h\u00e2linde bunlar\u0131n d\u00fczeltilmesini isteme ve bu kapsamda yap\u0131lan i\u015flemin ki\u015fisel verilerin aktar\u0131ld\u0131\u011f\u0131 \u00fc\u00e7\u00fcnc\u00fc ki\u015filere bildirilmesini isteme,<\/li>\n<li>KVK Kanunu\u2019nun ve ilgili di\u011fer kanun h\u00fck\u00fcmlerine uygun olarak i\u015flenmi\u015f olmas\u0131na ra\u011fmen, i\u015flenmesini gerektiren sebeplerin ortadan kalkmas\u0131 h\u00e2linde ki\u015fisel verilerin silinmesini veya yok edilmesini isteme ve bu kapsamda yap\u0131lan i\u015flemin ki\u015fisel verilerin aktar\u0131ld\u0131\u011f\u0131 \u00fc\u00e7\u00fcnc\u00fc ki\u015filere bildirilmesini isteme,<\/li>\n<li>\u0130\u015flenen verilerin m\u00fcnhas\u0131ran otomatik sistemler vas\u0131tas\u0131yla analiz edilmesi suretiyle ki\u015finin kendisi aleyhine bir sonucun ortaya \u00e7\u0131kmas\u0131na itiraz etme,<\/li>\n<li>Ki\u015fisel verilerin kanuna ayk\u0131r\u0131 olarak i\u015flenmesi sebebiyle zarara u\u011framas\u0131 h\u00e2linde zarar\u0131n giderilmesini talep etme haklar\u0131na sahiptir.<\/li>\n<\/ul>\n<p>KVK Kanunu\u2019nun 13. maddesinin 1. f\u0131kras\u0131 gere\u011fince, yukar\u0131da belirtilen haklar\u0131n\u0131z\u0131 kullanmak ile ilgili talebinizi, yaz\u0131l\u0131 veya Ki\u015fisel Verileri Koruma Kurulu\u2019nun belirledi\u011fi di\u011fer y\u00f6ntemlerle \u015firketimize iletebilirsiniz. Ki\u015fisel Verileri Koruma Kurulu, \u015fu a\u015famada herhangi bir y\u00f6ntem belirlemedi\u011fi i\u00e7in, ba\u015fvurunuzu, KVK Kanunu gere\u011fince, yaz\u0131l\u0131 olarak \u015firketimize iletmeniz gerekmektedir. Bu \u00e7er\u00e7evede \u015firketimize KVK Kanunu\u2019nun 11. maddesi kapsam\u0131nda yapaca\u011f\u0131n\u0131z ba\u015fvurularda yaz\u0131l\u0131 olarak ba\u015fvurunuzu iletece\u011finiz kanallar ve usuller a\u015fa\u011f\u0131da a\u00e7\u0131klanmaktad\u0131r.<\/p>\n<p>Yukar\u0131da belirtilen haklar\u0131n\u0131z\u0131 kullanmak i\u00e7in \u015firketimize yaz\u0131l\u0131 olarak ba\u015fvurabilir ve s\u00f6z konusu ba\u015fvuruyu adresimize g\u00f6nderebilirsiniz.<\/p>\n<p>Bu kapsamda yapaca\u011f\u0131n\u0131z ba\u015fvurular 30 g\u00fcn\u00fc ge\u00e7memek kayd\u0131yla en k\u0131sa s\u00fcrede sonu\u00e7land\u0131r\u0131lacakt\u0131r. S\u00f6z konusu ba\u015fvurular \u00fccretsizdir. Ancak Ki\u015fisel Verileri Koruma Kurulu\u2019nun \u00fccret tarifesi belirlemesi durumunda, bu tarifeye uygun olarak \u00fccretlendirme yap\u0131labilecektir.<\/p>\n<ol>\n<li>\u015eirketimiz \u0130leti\u015fim Bilgisi Hakk\u0131nda<\/li>\n<\/ol>\n<p>Yukar\u0131da say\u0131l\u0131 haklar\u0131n\u0131 kullanmak isteyen ilgililer MACUN MAH. ERC\u0130YES \u0130\u015eYERLER\u0130 S\u0130TYES\u0130 200. Cad. NO:20 YEN\u0130MAHALLE\/ANKARA adresimize veya info@catguvenlik.com mail adresimize yaz\u0131l\u0131 m\u00fcracaatta bulunabilirler.<\/p>\n<p>CAT G\u00dcVENL\u0130K H\u0130ZMETLER\u0130 LTD. \u015eT\u0130. KVKK BA\u015eVURU FORMU<\/p>\n<ol>\n<li>Ba\u015fvuru Sahibi ileti\u015fim bilgileri:<\/li>\n<\/ol>\n<p>\u0130sim<\/p>\n<p>Soyisim<\/p>\n<p>TC Kimlik Numaras\u0131<\/p>\n<p>Telefon Numaras\u0131<\/p>\n<p>E Mail<\/p>\n<p>Adres<\/p>\n<p>&nbsp;<\/p>\n<ul>\n<li>L\u00fctfen KVK Kanunu kapsam\u0131ndaki talebinizi detayl\u0131 olarak belirtiniz: \u2026\u2026\u2026\u2026\u2026\u2026\u2026..\u2026\u2026\u2026\u2026\u2026.\u2026\u2026\u2026\u2026\u2026\u2026\u2026\u2026\u2026\u2026\u2026\u2026.\u2026\u2026\u2026\u2026\u2026\u2026\u2026\u2026\u2026\u2026\u2026\u2026.\u2026\u2026\u2026\u2026\u2026\u2026\u2026\u2026\u2026\u2026\u2026\u2026 \u2026\u2026\u2026\u2026\u2026\u2026\u2026\u2026\u2026\u2026\u2026\u2026\u2026\u2026\u2026\u2026\u2026\u2026\u2026\u2026\u2026\u2026\u2026\u2026\u2026\u2026\u2026\u2026\u2026\u2026\u2026\u2026\u2026\u2026\u2026\u2026\u2026\u2026\u2026\u2026\u2026\u2026\u2026\u2026\u2026\u2026\u2026\u2026\u2026\u2026 \u2026\u2026\u2026\u2026\u2026\u2026\u2026\u2026\u2026\u2026\u2026\u2026\u2026\u2026\u2026\u2026\u2026\u2026\u2026\u2026\u2026\u2026\u2026\u2026\u2026\u2026\u2026\u2026\u2026\u2026\u2026\u2026\u2026\u2026\u2026\u2026\u2026\u2026\u2026\u2026\u2026\u2026\u2026\u2026\u2026\u2026\u2026\u2026\u2026\u2026 \u2026\u2026\u2026\u2026\u2026\u2026\u2026\u2026\u2026\u2026\u2026\u2026\u2026\u2026\u2026\u2026\u2026\u2026\u2026\u2026\u2026\u2026\u2026\u2026\u2026\u2026\u2026\u2026\u2026\u2026\u2026\u2026\u2026\u2026\u2026\u2026\u2026\u2026\u2026\u2026\u2026\u2026\u2026\u2026\u2026\u2026\u2026\u2026\u2026\u2026 \u2026\u2026\u2026\u2026\u2026\u2026\u2026\u2026\u2026\u2026\u2026\u2026\u2026\u2026\u2026\u2026\u2026\u2026\u2026\u2026\u2026\u2026\u2026\u2026\u2026\u2026\u2026\u2026\u2026\u2026\u2026\u2026\u2026\u2026\u2026\u2026\u2026\u2026\u2026\u2026\u2026\u2026\u2026\u2026\u2026\u2026\u2026\u2026\u2026\u2026 \u2026\u2026\u2026\u2026\u2026\u2026\u2026\u2026\u2026\u2026\u2026\u2026\u2026\u2026\u2026\u2026\u2026\u2026\u2026\u2026\u2026\u2026\u2026\u2026\u2026\u2026\u2026\u2026\u2026\u2026\u2026\u2026\u2026\u2026\u2026\u2026\u2026\u2026\u2026\u2026\u2026\u2026\u2026\u2026\u2026\u2026\u2026\u2026\u2026\u2026 \u2026\u2026\u2026\u2026\u2026\u2026\u2026\u2026\u2026\u2026\u2026\u2026\u2026\u2026\u2026\u2026\u2026\u2026\u2026\u2026\u2026\u2026\u2026\u2026\u2026\u2026\u2026\u2026\u2026\u2026\u2026\u2026\u2026\u2026\u2026\u2026\u2026\u2026\u2026\u2026\u2026\u2026\u2026\u2026\u2026\u2026\u2026\u2026\u2026\u2026 \u2026\u2026\u2026\u2026\u2026\u2026\u2026\u2026\u2026\u2026\u2026\u2026\u2026\u2026\u2026\u2026\u2026\u2026\u2026\u2026\u2026\u2026\u2026\u2026\u2026\u2026\u2026\u2026\u2026\u2026\u2026\u2026\u2026\u2026\u2026\u2026\u2026\u2026\u2026\u2026\u2026\u2026\u2026\u2026\u2026\u2026\u2026\u2026\u2026\u2026 \u2026\u2026\u2026\u2026\u2026\u2026\u2026\u2026\u2026\u2026\u2026\u2026\u2026\u2026\u2026\u2026\u2026\u2026\u2026\u2026\u2026\u2026\u2026\u2026\u2026\u2026\u2026\u2026\u2026\u2026\u2026\u2026\u2026\u2026\u2026\u2026\u2026\u2026\u2026\u2026\u2026\u2026\u2026\u2026\u2026\u2026\u2026\u2026\u2026\u2026 \u2026\u2026\u2026\u2026\u2026\u2026\u2026\u2026\u2026\u2026\u2026\u2026\u2026\u2026\u2026\u2026\u2026\u2026\u2026\u2026\u2026\u2026\u2026\u2026\u2026\u2026\u2026\u2026\u2026\u2026\u2026\u2026\u2026\u2026\u2026\u2026\u2026\u2026\u2026\u2026\u2026\u2026\u2026\u2026\u2026\u2026\u2026\u2026\u2026\u2026<\/li>\n<\/ul>\n<p>&nbsp;<\/p>\n<ol>\n<li>Ba\u015fvurunuza verilecek yan\u0131t\u0131n taraf\u0131n\u0131za bildirilme y\u00f6ntemini se\u00e7iniz:<\/li>\n<\/ol>\n<ul>\n<li>Adresime g\u00f6nderilmesini istiyorum.<\/li>\n<li>E-posta adresime g\u00f6nderilmesini istiyorum.<\/li>\n<li>Elden teslim almak istiyorum.(Vek\u00e2leten teslim al\u0131nmas\u0131 durumunda noter tasdikli vek\u00e2letname veya yetki belgesi olmas\u0131 gerekmektedir.)<\/li>\n<\/ul>\n<p>\u0130\u015fbu ba\u015fvuru formu, \u015firket ile olan ili\u015fkinizi tespit ederek varsa \u015firket taraf\u0131ndan i\u015flenen ki\u015fisel verilerinizi eksiksiz olarak belirleyerek, ilgili ba\u015fvurunuza do\u011fru ve kanuni s\u00fcresinde cevap verilebilmesi i\u00e7in tanzim edilmi\u015ftir. Her t\u00fcrl\u00fc riskin bertaraf edilebilmesi i\u00e7in \u015e\u0130RKET ek evrak ve malumat (N\u00fcfus c\u00fczdan\u0131 veya s\u00fcr\u00fcc\u00fc belgesi sureti vb.) talep etme hakk\u0131n\u0131 sakl\u0131 tutar.<\/p>\n<p>&nbsp;<\/p>\n<p>Ba\u015fvuru Sahibi Ad\u0131 Soyad\u0131 :<\/p>\n<p>Ba\u015fvuru Tarihi :<\/p>\n<p>\u0130mza :<\/p>","protected":false},"excerpt":{"rendered":"<p>CAT G\u00dcVENL\u0130K H\u0130ZMETLER\u0130 LTD. \u015eT\u0130. K\u0130\u015e\u0130SEL VER\u0130LER\u0130N \u0130\u015eLENMES\u0130 HAKKINDA AYDINLATMA METN\u0130 6698 Say\u0131l\u0131 Ki\u015fisel Verilerin Korunmas\u0131 Kanunu (KVKK), ki\u015fisel verilerin i\u015flenmesi s\u0131ras\u0131nda uyulmas\u0131 gerekli usul ve esaslar\u0131 d\u00fczenlemek amac\u0131 ile y\u00fcr\u00fcrl\u00fc\u011fe girmi\u015ftir. Ki\u015fisel verilerinizin \u015firketimizce i\u015flenmesi gerekebilmektedir. Bu nedenle ki\u015fisel verilerinizin \u015firketimiz taraf\u0131ndan ne \u015fekilde i\u015flendi\u011fi hakk\u0131nda sizlere bilgi vermek isteriz. Veri Sorumlusu Hakk\u0131nda Ki\u015fisel [&hellip;]<\/p>","protected":false},"author":1,"featured_media":0,"parent":0,"menu_order":0,"comment_status":"closed","ping_status":"closed","template":"","meta":{"footnotes":""},"class_list":["post-3364","page","type-page","status-publish","hentry"],"_links":{"self":[{"href":"https:\/\/www.catguvenlik.com\/en\/wp-json\/wp\/v2\/pages\/3364","targetHints":{"allow":["GET"]}}],"collection":[{"href":"https:\/\/www.catguvenlik.com\/en\/wp-json\/wp\/v2\/pages"}],"about":[{"href":"https:\/\/www.catguvenlik.com\/en\/wp-json\/wp\/v2\/types\/page"}],"author":[{"embeddable":true,"href":"https:\/\/www.catguvenlik.com\/en\/wp-json\/wp\/v2\/users\/1"}],"replies":[{"embeddable":true,"href":"https:\/\/www.catguvenlik.com\/en\/wp-json\/wp\/v2\/comments?post=3364"}],"version-history":[{"count":1,"href":"https:\/\/www.catguvenlik.com\/en\/wp-json\/wp\/v2\/pages\/3364\/revisions"}],"predecessor-version":[{"id":3365,"href":"https:\/\/www.catguvenlik.com\/en\/wp-json\/wp\/v2\/pages\/3364\/revisions\/3365"}],"wp:attachment":[{"href":"https:\/\/www.catguvenlik.com\/en\/wp-json\/wp\/v2\/media?parent=3364"}],"curies":[{"name":"wp","href":"https:\/\/api.w.org\/{rel}","templated":true}]}}