{"id":3321,"date":"2024-12-11T19:07:37","date_gmt":"2024-12-11T16:07:37","guid":{"rendered":"http:\/\/localhost\/cat\/?page_id=3321"},"modified":"2024-12-12T15:16:49","modified_gmt":"2024-12-12T12:16:49","slug":"elektronik-guvenlik","status":"publish","type":"page","link":"https:\/\/www.catguvenlik.com\/en\/hizmetlerimiz\/elektronik-guvenlik\/","title":{"rendered":"Elektronik G\u00fcvenlik"},"content":{"rendered":"<p><strong>ELEKRON\u0130K G\u00dcVENL\u0130K S\u0130STEM VE C\u0130HAZLARI\u00a0;<\/strong><\/p>\n<p>G\u00fcn\u00fcm\u00fcz T\u00fcrkiye\u2019sinde gerek evinizin gerekse i\u015fyerlerinizin g\u00fcvenli\u011fi art\u0131k son derece \u00f6nemli olmu\u015ftur. CAT G\u00fcvenlik Hizmetleri Ltd. \u015eti. olarak g\u00f6revimiz; teknolojinin getirdi\u011fi en son g\u00fcvenlik \u00fcr\u00fcnlerini size en y\u00fcksek kalitede sunmakt\u0131r.<\/p>\n<p>Elektronik g\u00fcvenlik konusundaki \u00e7al\u0131\u015fma ve projelerimiz; Kapal\u0131 Devre Kamera Sistemleri (CCTV); elektronik h\u0131rs\u0131z ve yang\u0131n alarm sistemleri, ara\u00e7 ge\u00e7i\u015f\/giri\u015f kontrol ve bariyer sistemleri, personel takip ve izleme sistemleri, \u00fcr\u00fcn kontrol ve kay\u0131t sistemleri alanlar\u0131n\u0131 kapsamaktad\u0131r.Bu konulardaki m\u00fchendislik hizmetlerimize ve teknik ekibimize son derece g\u00fcveniyor, sizlerin de bizlere olan g\u00fcveninizle ba\u015far\u0131 \u00e7izgimizi y\u00fckseltmeyi hedefliyoruz.<\/p>\n<p>CAT G\u00fcvenlik sadece \u00fcr\u00fcn satman\u0131n \u00f6tesinde, her boyuttaki kullan\u0131c\u0131n\u0131n ihtiya\u00e7lar\u0131na cevap verdi\u011finin bilincindedir. Kullan\u0131c\u0131 ihtiyac\u0131n\u0131n kar\u015f\u0131lanmas\u0131 ve memnun kalm\u0131\u015f kullan\u0131c\u0131 kitlesi olu\u015fturulmas\u0131, ancak uzun y\u0131llar sorunsuz \u00e7al\u0131\u015fan sistemler ile sa\u011flanabilir. Bu ama\u00e7la, CAT G\u00fcvenlik kulland\u0131\u011f\u0131 t\u00fcm elektronik\u00a0 \u00fcr\u00fcnleri g\u00fc\u00e7l\u00fc bir sat\u0131\u015f sonras\u0131 destek ile pazara sunmaktad\u0131r.<\/p>\n<p><strong>ELEKTRON\u0130K G\u00dcVENL\u0130K S\u0130STEMLER\u0130NDE FAL\u0130YET ALANLARIMIZ\u00a0\u00a0<\/strong><\/p>\n<p>KAPALI DEVRE KAMERA S\u0130STEMLER\u0130 ( CCTV )<br \/>\nALARM S\u0130STEMLER\u0130 MONTAJI VE DEVREYE ALMA H\u0130ZMETLER\u0130<br \/>\nRF\u0130D GE\u00c7\u0130\u015e S\u0130STEMLER\u0130 SATI\u015eI<br \/>\nID PERSONEL TAK\u0130P S\u0130STEMLER\u0130<br \/>\nPARMAK \u0130Z\u0130 OKUYUCULARI \u0130LE TAK\u0130P<br \/>\nOTOMAT\u0130K GE\u00c7\u0130\u015e S\u0130STEMLER\u0130<br \/>\nKAPI T\u0130P\u0130 METAL ARAMA DEDEKT\u00d6LER\u0130 SATI\u015e VE K\u0130RALAMA H\u0130ZMET\u0130<br \/>\nARA\u00c7 TAK\u0130P S\u0130STEMLER\u0130<br \/>\nS\u0130NYAL BOZUCULAR JAMMER SATI\u015e PAZARLAMA<br \/>\nSTOK VE PERSONEL TAK\u0130B\u0130 \u0130\u00c7\u0130N ID KART \u00c7\u00d6Z\u00dcMLER\u0130<br \/>\nEDKS ELEKTRON\u0130K DEVR\u0130YE KONTROL S\u0130STEMLER\u0130<br \/>\nDVR-VDR KAYIT S\u0130STEMLER\u0130<br \/>\nDOME -SPEED DOME KAMERA S\u0130STEMLER\u0130<br \/>\nDVR PC-KARTLARI<br \/>\nY\u00dcKSEK \u00c7\u00d6Z\u00dcRL\u00dcKTE GECE G\u00d6R\u00dc\u015e KAMERALARI<br \/>\nIP KAMERALAR<br \/>\nG\u0130ZL\u0130 KAMERA S\u0130STEMLER\u0130<br \/>\nPIR,ISI,DUMAN,GAZ DEDEKT\u00d6RLER\u0130<br \/>\nSAB\u0130T \u0130R\u0130S LENSLER<br \/>\nMOTORLU ZOOM LENSLER<br \/>\nCCTV MON\u0130T\u00d6RLER\u0130<br \/>\nG\u00dc\u00c7 KAYNAKLARI MUHAFAZALAR, KONNEKT\u00d6RLER<br \/>\nKAPI G\u00d6R\u00dcNT\u00dcLEME S\u0130STEMLER\u0130<br \/>\nYANGIN ALARM S\u0130STEMLER\u0130<br \/>\nBAKIM ,ONARIM VE TEKN\u0130K DESTEK H\u0130ZMETLER\u0130.<\/p>\n<p>CAT elektonik g\u00fcvenlik olarak bizler y\u00fcksek teknoloji \u00fcr\u00fcnlerinde \u00f6zellikle kamera ve alarm sistemlerinde kendilerini d\u00fcnyaya kan\u0131tlam\u0131\u015f ciddi markalarla \u00e7al\u0131\u015fmaktay\u0131z. Bu nedenle size sunulan hizmet kalitesi daima zirve noktas\u0131ndad\u0131r,maalesef g\u00fcn\u00fcm\u00fczde hi\u00e7 bir alt yap\u0131s\u0131 ve teknik deste\u011fi bulunmayan yedek par\u00e7adan ve kaliteden yoksun uzakdo\u011fu \u00fcr\u00fcnleri \u00fclkemiz piyasas\u0131n\u0131 ele ge\u00e7irmi\u015f durumdad\u0131r. CAT G\u00dcVENL\u0130K\u00a0 olarak bizler bu piyasada markas\u0131na her t\u00fcrl\u00fc deste\u011fi veren ar-ge \u00e7al\u0131\u015fmalar\u0131nda s\u00fcrekli \u00f6n saflarda bulunan teknik altyap\u0131s\u0131 \u00e7ok g\u00fc\u00e7l\u00fc yedek par\u00e7a ve servisi kuvvetli firmalarla \u00e7al\u0131\u015fmay\u0131 kendimize ilke edinmi\u015f durumday\u0131z.<\/p>\n<p>Sizde g\u00fcvenlik sistem ve cihaz ihtiya\u00e7lar\u0131n\u0131zda CAT g\u00fcvenlik profesyonellerinden teknik destek alabilir \u00fcstelik ke\u015fif i\u00e7in hi\u00e7 bir \u00fccret \u00f6demezsiniz. Bizlere sistem ihtiya\u00e7lar\u0131n\u0131z i\u00e7in sitemizin ileti\u015fim b\u00f6l\u00fcm\u00fcnden her an ula\u015fabilece\u011finiz gibi\u00a0 ileti\u015fim formunu da kullanarak\u00a0\u00fccretsiz ke\u015fif ve her t\u00fcrl\u00fc elektronik g\u00fcvenlik sistem ihtiya\u00e7lar\u0131n\u0131z\u0131 bildirebilirsiniz.<\/p>","protected":false},"excerpt":{"rendered":"<p>ELEKRON\u0130K G\u00dcVENL\u0130K S\u0130STEM VE C\u0130HAZLARI\u00a0; G\u00fcn\u00fcm\u00fcz T\u00fcrkiye\u2019sinde gerek evinizin gerekse i\u015fyerlerinizin g\u00fcvenli\u011fi art\u0131k son derece \u00f6nemli olmu\u015ftur. CAT G\u00fcvenlik Hizmetleri Ltd. \u015eti. olarak g\u00f6revimiz; teknolojinin getirdi\u011fi en son g\u00fcvenlik \u00fcr\u00fcnlerini size en y\u00fcksek kalitede sunmakt\u0131r. Elektronik g\u00fcvenlik konusundaki \u00e7al\u0131\u015fma ve projelerimiz; Kapal\u0131 Devre Kamera Sistemleri (CCTV); elektronik h\u0131rs\u0131z ve yang\u0131n alarm sistemleri, ara\u00e7 ge\u00e7i\u015f\/giri\u015f kontrol [&hellip;]<\/p>","protected":false},"author":1,"featured_media":0,"parent":1056,"menu_order":0,"comment_status":"closed","ping_status":"closed","template":"","meta":{"footnotes":""},"class_list":["post-3321","page","type-page","status-publish","hentry"],"_links":{"self":[{"href":"https:\/\/www.catguvenlik.com\/en\/wp-json\/wp\/v2\/pages\/3321","targetHints":{"allow":["GET"]}}],"collection":[{"href":"https:\/\/www.catguvenlik.com\/en\/wp-json\/wp\/v2\/pages"}],"about":[{"href":"https:\/\/www.catguvenlik.com\/en\/wp-json\/wp\/v2\/types\/page"}],"author":[{"embeddable":true,"href":"https:\/\/www.catguvenlik.com\/en\/wp-json\/wp\/v2\/users\/1"}],"replies":[{"embeddable":true,"href":"https:\/\/www.catguvenlik.com\/en\/wp-json\/wp\/v2\/comments?post=3321"}],"version-history":[{"count":1,"href":"https:\/\/www.catguvenlik.com\/en\/wp-json\/wp\/v2\/pages\/3321\/revisions"}],"predecessor-version":[{"id":3322,"href":"https:\/\/www.catguvenlik.com\/en\/wp-json\/wp\/v2\/pages\/3321\/revisions\/3322"}],"up":[{"embeddable":true,"href":"https:\/\/www.catguvenlik.com\/en\/wp-json\/wp\/v2\/pages\/1056"}],"wp:attachment":[{"href":"https:\/\/www.catguvenlik.com\/en\/wp-json\/wp\/v2\/media?parent=3321"}],"curies":[{"name":"wp","href":"https:\/\/api.w.org\/{rel}","templated":true}]}}