{"id":3318,"date":"2024-12-11T19:06:37","date_gmt":"2024-12-11T16:06:37","guid":{"rendered":"http:\/\/localhost\/cat\/?page_id=3318"},"modified":"2024-12-12T15:17:10","modified_gmt":"2024-12-12T12:17:10","slug":"guvenlik-hizmeti-alacak-kisi-kurum-ve-kuruluslarin-dikkat-etmesi-gereken-hususlar","status":"publish","type":"page","link":"https:\/\/www.catguvenlik.com\/en\/hizmetlerimiz\/guvenlik-hizmeti-alacak-kisi-kurum-ve-kuruluslarin-dikkat-etmesi-gereken-hususlar\/","title":{"rendered":"G\u00fcvenlik Hizmeti Alacak Ki\u015fi Kurum Ve Kurulu\u015flar\u0131n Dikkat Etmesi Gereken Hususlar"},"content":{"rendered":"<p align=\"justify\">G\u00fcvenlik Hizmeti almay\u0131 d\u00fc\u015f\u00fcnen ki\u015fi,kurum ve kurulu\u015flar her\u015feyden \u00f6nce kendilerine bu hizmeti lay\u0131k\u0131yla sa\u011flayacak iyi bir G\u00fcvenlik \u015firketi bulmak zorundad\u0131r.Evet ama iyi bir G\u00fcvenlik \u015firketi bulurken nelere dikkat etmeliyiz.Malumu olunaca\u011f\u0131 \u00fczere her sekt\u00f6rde oldu\u011fu gibi \u00d6zel G\u00fcvenlik Hizmetleri sekt\u00f6r\u00fcnde de iyi ve k\u00f6t\u00fcler vard\u0131r ve bazen iyi ve k\u00f6t\u00fcy\u00fc ay\u0131rmak zor olabilir.Biz burada size iyi bir G\u00fcvenlik \u015firketi bulmak i\u00e7in yapman\u0131z gerekenleri aktarmak istiyoruz; Tabi bu se\u00e7imi yapabilmeniz i\u00e7in\u00a0sekt\u00f6r i\u00e7in \u00e7ok \u00f6nemli g\u00f6rd\u00fc\u011f\u00fcm\u00fcz en az\u0131ndan a\u015fa\u011f\u0131daki hususlar\u0131\u00a0ara\u015ft\u0131rma yapman\u0131z gerekmektedir.<\/p>\n<p>\u00a0\u00d6ZEL G\u00dcVENL\u0130K H\u0130ZMET\u0130 ALMAK \u0130STED\u0130\u011e\u0130N\u0130Z F\u0130RMALARDAN BUNLARI ISRARLA \u0130STEY\u0130N\u0130Z;<\/p>\n<ul>\n<li>SOSYAL G\u00dcVENL\u0130K KURUMUNA BOR\u00c7LARI VARMIDIR?<\/li>\n<li>PERSONEL SE\u00c7\u0130M\u0130 VE TEM\u0130N\u0130N\u0130 NEREDEN VE NASIL SA\u011eLAMAKTADIR?<\/li>\n<li>PERSONEL \u00d6DEMELER\u0130 \u0130LE \u0130LG\u0130L\u0130 MAL\u0130YEYE BOR\u00c7LARI VARMIDIR?<\/li>\n<li>PERSONEL 5188 SAYILI KANUNUN \u00d6NG\u00d6RD\u00dc\u011e\u00dc \u015eEK\u0130LDEM\u0130D\u0130R?<\/li>\n<li>PERSONEL\u0130N KONTROL\u00dc NE \u015eEK\u0130LDE SA\u011eLANMAKTADIR?<\/li>\n<li>PERSONEL G\u00d6REV YER\u0130 TAL\u0130MATLARI MEVCUTMUDUR?<\/li>\n<li>PERSONEL MAA\u015eLARI HER \u015eARTTA AYIN KA\u00c7INDA \u00d6DENMEKTED\u0130R?<\/li>\n<li>PERSONELLER H\u0130ZMET \u0130\u00c7\u0130 E\u011e\u0130T\u0130ME TAB\u0130 TUTULMAKTAMIDIR?<\/li>\n<li>S\u0130LAHLI PERSONELLERE 6 AYDA B\u0130R ATI\u015e VE \u0130LG\u0130L\u0130 E\u011e\u0130T\u0130MLER VER\u0130L\u0130YORMU?<\/li>\n<li>PERSONELLER \u00c7ALI\u015eTIKLARI MEVK\u0130\u0130N\u0130N \u00d6ZELL\u0130\u011e\u0130NE G\u00d6RE SE\u00c7\u0130L\u0130YORMU?<\/li>\n<li>\u00d6ZENLE SE\u00c7\u0130LEN PERSONELLER BU YER\u0130N \u0130HT\u0130YACINA G\u00d6RE E\u011e\u0130T\u0130L\u0130YORMU?<\/li>\n<li>DENETLENEN PERSONELLE \u0130LG\u0130L\u0130 \u00c7ALI\u015eILAN KURUM B\u0130LG\u0130LEND\u0130R\u0130L\u0130YORMU?<\/li>\n<li>D\u00dcZENL\u0130 VER\u0130LEN H\u0130ZMET \u0130\u00c7\u0130 E\u011e\u0130TiMLERLE \u0130LG\u0130L\u0130 B\u0130LG\u0130 PAYLA\u015eILIYORMU?<\/li>\n<\/ul>\n<p>BU HUSUSLAR CAT G\u00dcVENL\u0130K OLARAK B\u0130Z\u0130M T\u0130T\u0130ZL\u0130KLE TAK\u0130P ETT\u0130\u011e\u0130M\u0130Z HUSUSLARDIR.<\/p>\n<p><strong>G\u00dcVENL\u0130 B\u0130R YA\u015eAM D\u0130LER\u0130Z.SAYGILARIMIZLA\u2026.<\/strong><\/p>\n<p>&nbsp;<\/p>\n<p>&nbsp;<\/p>\n<p>\u00d6zel G\u00fcvenlik Hizmeti \u0130\u00e7in \u0130lk M\u00fcracaat Dilek\u00e7e \u00d6rne\u011fi<\/p>\n<div align=\"center\"><a href=\"https:\/\/www.catguvenlik.com\/belgeler\/ilk_basvuru_dilekce_ornegi.docx\"><img fetchpriority=\"high\" decoding=\"async\" class=\"alignnone wp-image-1364 size-medium\" src=\"https:\/\/www.catguvenlik.com\/upload\/2022\/09\/ilk_basvuru_dilekce_ornegi-212x300.jpg\" sizes=\"(max-width: 212px) 100vw, 212px\" srcset=\"https:\/\/www.catguvenlik.com\/upload\/2022\/09\/ilk_basvuru_dilekce_ornegi-212x300.jpg 212w, https:\/\/www.catguvenlik.com\/upload\/2022\/09\/ilk_basvuru_dilekce_ornegi-103x146.jpg 103w, https:\/\/www.catguvenlik.com\/upload\/2022\/09\/ilk_basvuru_dilekce_ornegi-35x50.jpg 35w, https:\/\/www.catguvenlik.com\/upload\/2022\/09\/ilk_basvuru_dilekce_ornegi-53x75.jpg 53w, https:\/\/www.catguvenlik.com\/upload\/2022\/09\/ilk_basvuru_dilekce_ornegi.jpg 550w\" alt=\"\" width=\"212\" height=\"300\" \/><\/a><\/div>\n<div align=\"center\">D\u0130LEK\u00c7EN\u0130Z\u0130N EKLER\u0130:<\/div>\n<div align=\"center\"><\/div>\n<div align=\"center\">1- Y\u00d6NET\u0130M KURULU KARARI<\/div>\n<div align=\"center\">2- \u0130MZA S\u0130RK\u00dcLER\u0130<\/div>\n<div align=\"center\">3- T\u0130CARET S\u0130C\u0130L GAZETES\u0130<\/div>\n<div align=\"center\">\n<p>4- \u00d6ZEL G\u00dcVENL\u0130K B\u0130LG\u0130 FORMU<\/p>\n<p>&nbsp;<\/p>\n<p>\u00d6zel G\u00fcvenlik \u0130zni Talep Formu<\/p>\n<p><a href=\"https:\/\/www.catguvenlik.com\/belgeler\/ozel_guvenlik_izni_talep_formu.docx\"><img decoding=\"async\" class=\"alignnone size-medium wp-image-1366\" src=\"https:\/\/www.catguvenlik.com\/upload\/2022\/09\/ozel_guvenlik_izni_talep_formu-212x300.jpg\" sizes=\"(max-width: 212px) 100vw, 212px\" srcset=\"https:\/\/www.catguvenlik.com\/upload\/2022\/09\/ozel_guvenlik_izni_talep_formu-212x300.jpg 212w, https:\/\/www.catguvenlik.com\/upload\/2022\/09\/ozel_guvenlik_izni_talep_formu-103x146.jpg 103w, https:\/\/www.catguvenlik.com\/upload\/2022\/09\/ozel_guvenlik_izni_talep_formu-35x50.jpg 35w, https:\/\/www.catguvenlik.com\/upload\/2022\/09\/ozel_guvenlik_izni_talep_formu-53x75.jpg 53w, https:\/\/www.catguvenlik.com\/upload\/2022\/09\/ozel_guvenlik_izni_talep_formu.jpg 550w\" alt=\"\" width=\"212\" height=\"300\" \/><\/a><\/p>\n<\/div>\n<div align=\"center\">\u00d6RNEK D\u0130LEK\u00c7E VE B\u0130LG\u0130 FORMUNU \u0130ND\u0130RMEK \u0130\u00c7\u0130N RES\u0130MLERE TIKLAMANIZ YETERL\u0130 OLACAKTIR.<\/div>\n<div align=\"center\"><\/div>\n<div align=\"center\">\n<p><strong><u>\u00d6ZEL G\u00dcVENL\u0130K \u0130ZN\u0130 TALEP FORMU HAZIRLAMA REHBER\u0130<\/u><\/strong><\/p>\n<p><strong>1-\u201cK\u0130\u015e\u0130, KURUM VEYA KURULU\u015eUN\u201d b\u00f6l\u00fcm\u00fcnde;<\/strong><\/p>\n<p><strong>\u201cAd\u0131 Soyad\u0131 \/ Unvan\u0131\u201d sat\u0131r\u0131na;<\/strong><\/p>\n<ul>\n<li>Talepte bulunan ger\u00e7ek ki\u015fi ise \u201c<strong><em>Ad\u0131 Soyad\u0131<\/em><\/strong>\u201d yaz\u0131lacakt\u0131r.<\/li>\n<li>T\u00fczel ki\u015fi ad\u0131na talepte bulunuluyorsa, Ticaret Sicil Gazetesinde yer alan \u201c<strong><em>Unvan\u0131<\/em><\/strong>\u201d k\u0131saltma kullanmadan tam olarak yaz\u0131lacakt\u0131r. Ayr\u0131ca t\u00fczel ki\u015filik unvan\u0131n\u0131n yan\u0131nda \u00f6zel g\u00fcvenlik izin belgesine yaz\u0131lmas\u0131 istenen \u201c<strong>marka unvan\u0131<\/strong>\u201d da yaz\u0131lacakt\u0131r.<\/li>\n<\/ul>\n<p>\u00d6rnek: M\u00fcracaat eden t\u00fczel ki\u015filik unvan\u0131 ticaret sicil gazetesinde \u201cAhmet Y\u0131lmaz Sa\u011fl\u0131k Hizmetleri A.\u015e.\u201d iken \u00f6zel g\u00fcvenlik izin belgesine Y\u0131lmaz Hastanesi yaz\u0131lacak ise bu durum \u201c<strong>Ahmet Y\u0131lmaz Sa\u011fl\u0131k Hizmetleri A.\u015e. (Y\u0131lmaz Hastanesi)<\/strong>\u201d \u015feklinde belirtilecektir.<\/p>\n<p><strong>\u201cAdresi\u201d sat\u0131r\u0131na;<\/strong><\/p>\n<ul>\n<li>Bina ve tesis koruma izin taleplerinde g\u00f6rev alan\u0131 olarak belirlenmesi istenen yerin\u00a0<strong>g\u00fcncel adresi<\/strong>\u00a0yaz\u0131lacakt\u0131r. (<em>Son bir ay i\u00e7erisinde yetkili makamlardan al\u0131nm\u0131\u015f g\u00fcncel adresi g\u00f6sterir belge eklenecektir<\/em>)<\/li>\n<li>Ki\u015fi koruma izni taleplerinde, m\u00fcracaat \u015fahsen yap\u0131lm\u0131\u015f ise\u00a0<strong>silahlar\u0131n muhafaza edilece\u011fi i\u015fyeri veya ikamet adresi<\/strong>, talep \u015fah\u0131s ad\u0131na kurum, kurulu\u015f veya \u015firketi taraf\u0131ndan yap\u0131lm\u0131\u015f ise silahlar\u0131n muhafaza edilece\u011fi i\u015f yeri adresi yaz\u0131lacakt\u0131r.<\/li>\n<li>\u00d6zel g\u00fcvenlik \u015firketi ve e\u011fitim kurumlar\u0131na ait taleplerde adres b\u00f6l\u00fcm\u00fcne\u00a0<strong>faaliyet izin belgesinde yer alan adres<\/strong>\u00a0yaz\u0131lacakt\u0131r.<\/li>\n<\/ul>\n<p><strong>\u201cVergi Kimlik Numaras\u0131\/ T.C. Kimlik Numaras\u0131\u201d sat\u0131r\u0131na;<\/strong><\/p>\n<ul>\n<li>Ger\u00e7ek ki\u015filerde T.C. Kimlik Numaras\u0131,<\/li>\n<li>T\u00fczel ki\u015filerde Vergi Kimlik Numaras\u0131 yaz\u0131lacakt\u0131r.<\/li>\n<\/ul>\n<p><strong>\u201cSabit IP Numaras\u0131\u201d sat\u0131r\u0131na;<\/strong><\/p>\n<ul>\n<li>\u0130zin talep eden ki\u015fi, kurum veya kurulu\u015f ad\u0131na kay\u0131tl\u0131 sabit IP numaras\u0131 yaz\u0131lacakt\u0131r.<\/li>\n<\/ul>\n<p><strong>\u201cTelefon Numaras\u0131\u201d sat\u0131r\u0131na;<\/strong><\/p>\n<ul>\n<li>Bina ve tesis koruma izin taleplerinde \u00f6zel g\u00fcvenlik izni talep edilen yerin,<\/li>\n<li>Ki\u015fi koruma izni taleplerinde korunacak ki\u015finin,<\/li>\n<li>\u00d6zel g\u00fcvenlik \u015firketi ve e\u011fitim kurumlar\u0131na ait taleplerde ise e\u011fitim kurumu ya da \u015firketin telefon numaras\u0131 yaz\u0131lacakt\u0131r.<\/li>\n<\/ul>\n<p><strong>\u201cKurumsal e-posta Adresi\u201d sat\u0131r\u0131na;<\/strong><\/p>\n<ul>\n<li>Bina ve tesis koruma izin taleplerinde \u00f6zel g\u00fcvenlik izni talep edilen yerin,<\/li>\n<li>Ki\u015fi koruma izni taleplerinde korunacak ki\u015finin,<\/li>\n<li>\u00d6zel g\u00fcvenlik \u015firketi ve e\u011fitim kurumlar\u0131na ait taleplerde ise e\u011fitim kurumu ya da \u015firketin kurumsal e-posta adresi yaz\u0131lacakt\u0131r.<\/li>\n<\/ul>\n<p><strong>\u201cSekt\u00f6r\u00fc\u201d sat\u0131r\u0131nda;<\/strong><\/p>\n<p>Bu b\u00f6l\u00fcmde sekt\u00f6re g\u00f6re tek i\u015faretleme yap\u0131lacakt\u0131r.<\/p>\n<p>Ki\u015fi koruma izni taleplerinde; \u015fahsen m\u00fcracaatlarda \u201c<strong><em>\u00f6zel<\/em><\/strong>\u201d kutucu\u011fu, talep \u015fah\u0131s ad\u0131na kurum, kurulu\u015f veya \u015firketi taraf\u0131ndan yap\u0131lm\u0131\u015fsa\u00a0<strong><em>kurum veya kurulu\u015fun t\u00fczel ki\u015fili\u011fi<\/em><\/strong>\u00a0esas al\u0131narak i\u015faretlenecektir.<\/p>\n<p><strong>\u201cSorumluluk B\u00f6lgesi\u201d sat\u0131r\u0131na;<\/strong><\/p>\n<p>Sorumluluk b\u00f6lgesi esas\u0131na g\u00f6re\u00a0<strong>Polis veya Jandarma<\/strong>\u00a0kutucu\u011fu i\u015faretlenecektir.<\/p>\n<p>Ki\u015fi koruma izni taleplerinde, m\u00fcracaat \u015fahsen yap\u0131lm\u0131\u015fsa \u015fahs\u0131n i\u015fyeri veya ikamet adresine, talep \u015fah\u0131s ad\u0131na kurum, kurulu\u015f veya \u015firketi taraf\u0131ndan yap\u0131lm\u0131\u015fsa \u015fahs\u0131n i\u015f yeri adresine g\u00f6re sorumluluk b\u00f6lgesi i\u015faretlenecektir. (\u00a0<em>adres sat\u0131r\u0131nda yaz\u0131lan adrese g\u00f6re<\/em>\u00a0)<\/p>\n<p><strong>2- \u201cKKKY\u201d b\u00f6l\u00fcm\u00fcnde;<\/strong><\/p>\n<p><strong>KKKY<\/strong>; \u201c<strong><em>Ki\u015fi, Kurum veya kurulu\u015f Yetkilisi<\/em><\/strong>\u201dni ifade etmektedir.<\/p>\n<p><strong>\u201cAd\u0131 Soyad\u0131\u201d sat\u0131r\u0131na;<\/strong><\/p>\n<p>\u00d6zel g\u00fcvenlik izni ile ilgili ba\u015fvurular\u0131 yapma, \u00f6zel g\u00fcvenlik izni al\u0131nan yere \u00f6zg\u00fc i\u015f ve i\u015flemleri yerine getirme, \u00f6zel g\u00fcvenlik birimlerinde bildirimleri yapma veya yapt\u0131rma ile kanun ve ilgili mevzuat\u0131nda belirtilen y\u00fck\u00fcml\u00fcl\u00fcklerden sorumlu olarak, \u00f6zel g\u00fcvenlik izni verilen yerin\/ki\u015finin karar almaya yetkili organlar\u0131 ya da ki\u015fileri taraf\u0131ndan yetkilendirilmi\u015f olan\u00a0<strong>ger\u00e7ek ki\u015finin<\/strong>\u00a0<strong><em>Ad\u0131 Soyad\u0131<\/em><\/strong>\u00a0yaz\u0131lacakt\u0131r.<\/p>\n<p><strong>\u201cT.C. Kimlik Numaras\u0131\u201d sat\u0131r\u0131na;<\/strong><\/p>\n<p>KKKY\u2019nin\u00a0<strong><em>T.C. Kimlik Numaras\u0131<\/em><\/strong>\u00a0yaz\u0131lacakt\u0131r.<\/p>\n<p><strong>\u201cTelefon Numaras\u0131\u201d sat\u0131r\u0131na;<\/strong><\/p>\n<p>KKKY\u2019nin \u0130\u015f ve\/veya Cep\u00a0<strong><em>Telefon Numaras\u0131<\/em><\/strong>\u00a0yaz\u0131lacakt\u0131r.<\/p>\n<p><strong>\u201ce-posta Adresi\u201d sat\u0131r\u0131na;<\/strong><\/p>\n<p>KKKY\u2019nin\u00a0<strong><em>e-posta Adresi\u00a0<\/em><\/strong>yaz\u0131lacakt\u0131r.<\/p>\n<p><strong>3- \u201cTALEP\u201d b\u00f6l\u00fcm\u00fcnde;<\/strong><\/p>\n<p><strong>\u201cT\u00fcr\u00fc\u201d sat\u0131r\u0131na;<\/strong><\/p>\n<ul>\n<li>Bina veya tesis koruma i\u00e7in izin talep edilmi\u015fse \u201c<strong><em>Bina ve Tesis Koruma<\/em><\/strong>\u201d,<\/li>\n<li>Ki\u015fi koruma i\u00e7in izin talep edilmi\u015fse \u201c<strong><em>Ki\u015fi Koruma<\/em><\/strong>\u201d<\/li>\n<li>Para ve de\u011ferli e\u015fya nakli ile ilgili bir talep yap\u0131lm\u0131\u015fsa \u201c<strong><em>Para ve De\u011ferli E\u015fya Nakli<\/em><\/strong>\u201d<\/li>\n<li>Yukar\u0131da say\u0131lanlar hari\u00e7\u00a0<em>\u015firket veya e\u011fitim kurumuna silah tahsisi vb.<\/em>\u00a0konularda talep yap\u0131lm\u0131\u015fsa \u201c<strong><em>Di\u011fer<\/em><\/strong>\u201d b\u00f6l\u00fcm\u00fc i\u015faretlenecektir. \u201c<strong><em>Di\u011fer<\/em><\/strong>\u201d b\u00f6l\u00fcm\u00fc i\u015faretlenmi\u015fse k\u0131saca a\u00e7\u0131klama yap\u0131lacakt\u0131r.<\/li>\n<\/ul>\n<p><strong>\u201cKonusu\u201d sat\u0131r\u0131na;<\/strong><\/p>\n<p>\u0130lk defa \u00f6zel g\u00fcvenlik izni i\u00e7in m\u00fcracaat edilmi\u015fse; sadece \u201c<strong><em>\u0130lk M\u00fcracaat<\/em><\/strong>\u201d kutucu\u011fu i\u015faretlenecektir. \u0130lk defa yap\u0131lacak m\u00fcracaat d\u0131\u015f\u0131ndaki taleplerde, birden fazla i\u015faretleme yap\u0131labilecek olup, bu b\u00f6l\u00fcmde say\u0131lmayan konular a\u00e7\u0131klama yap\u0131lmak suretiyle \u201c<strong><em>Di\u011fer<\/em><\/strong>\u201d kutucu\u011funda belirtilecektir.<\/p>\n<p><strong>\u201cHizmet Y\u00fcr\u00fctme \u015eekli\u201d sat\u0131r\u0131na;<\/strong><\/p>\n<ul>\n<li>\u00d6zel g\u00fcvenlik hizmetleri \u00f6zel g\u00fcvenlik birimi kurmak suretiyle y\u00fcr\u00fct\u00fclecekse; \u201c<strong><em>\u00d6zel G\u00fcvenlik Birimi Kurmak Suretiyle<\/em><\/strong>\u201d,<\/li>\n<li>\u00d6zel g\u00fcvenlik \u015firketlerinden hizmet sat\u0131n al\u0131narak y\u00fcr\u00fct\u00fclecekse; \u201c<strong><em>Hizmet Sat\u0131n Alma Y\u00f6ntemiyle<\/em><\/strong>\u201d i\u015faretlenecektir.<\/li>\n<li>Her iki y\u00f6ntem birlikte y\u00fcr\u00fct\u00fclecekse;\u00a0<strong>her iki kutucuk da i\u015faretlenecektir<\/strong>.<\/li>\n<\/ul>\n<p><strong>\u00a0\u201c\u00d6GG\u00a0 Say\u0131s\u0131\u201d sat\u0131r\u0131na;<\/strong><\/p>\n<p>Silahl\u0131 veya silahs\u0131z olarak talep edilen \u00d6GG say\u0131s\u0131 yaz\u0131lacakt\u0131r. Hem silahl\u0131 hem silahs\u0131z olarak istihdam sa\u011flanacaksa her ikisi de i\u015faretlenip talep edilen \u00d6GG say\u0131lar\u0131 ayr\u0131 ayr\u0131 belirtilecektir.<\/p>\n<p>Hizmetin y\u00fcr\u00fctme \u015fekli, \u00f6zel g\u00fcvenlik birimi kurulup gerekti\u011finde hizmet sat\u0131n alma olacak ise her iki y\u00f6ntem i\u00e7in silahl\u0131 ve silahs\u0131z \u00d6GG talep say\u0131lar\u0131 ayr\u0131 ayr\u0131 doldurulacakt\u0131r.<\/p>\n<p><strong>\u201cSilah Say\u0131s\u0131\u201d sat\u0131r\u0131na;<\/strong><\/p>\n<p>\u00d6zel g\u00fcvenlik hizmetleri silahl\u0131 olarak y\u00fcr\u00fct\u00fclecekse; talep edilen silah t\u00fcr\u00fc i\u015faretlenip adedi alt\u0131na yaz\u0131lacakt\u0131r.<\/p>\n<p>\u00d6zel g\u00fcvenlik hizmetlerinde s\u0131kl\u0131kla kullan\u0131lan MP-5 marka tabanca otomatik tabanca s\u00fctununda, av t\u00fcfe\u011fi d\u0131\u015f\u0131ndaki di\u011fer t\u00fcfekler ise yivli t\u00fcfek s\u00fctununda de\u011ferlendirilecektir.<\/p>\n<p><strong>\u201c<em>Silahla \u0130lgili A\u00e7\u0131klama<\/em>\u201d sat\u0131r\u0131na;<\/strong><\/p>\n<p>\u00d6zel g\u00fcvenlik hizmetlerinde kullan\u0131lmas\u0131 planlanan\u00a0<strong>silah\u0131n marka ve modeli ile ilgili<\/strong>\u00a0bir talep varsa bu b\u00f6l\u00fcmde belirtilir.<\/p>\n<p><strong>\u201cG\u00f6rev Hayvan\u0131 Say\u0131s\u0131\u201d sat\u0131r\u0131na;<\/strong><\/p>\n<p>\u00d6zel g\u00fcvenlik hizmetlerinde g\u00f6rev hayvan\u0131 kullan\u0131lacaksa; talep edilen hayvan i\u015faretlenip adedi alt\u0131na yaz\u0131lacakt\u0131r.<\/p>\n<p><strong>\u201cCihaz ve Te\u00e7hizat\u201d sat\u0131r\u0131na;<\/strong><\/p>\n<p>\u00d6zel g\u00fcvenlik g\u00f6revlilerinin g\u00f6rev alan\u0131nda ve s\u00fcresince kullanaca\u011f\u0131 g\u00fcvenlik sistem cihazlar\u0131 ve te\u00e7hizat\u0131\u00a0<strong>say\u0131 belirtmeksizin<\/strong>\u00a0kutucuklara i\u015faretlenecektir. Tedariki ancak komisyonun iznine ba\u011fl\u0131 olan (\u00a0<em>insans\u0131z hava arac\u0131, elektromanyetik giri\u015fim sa\u011flayan frekans kar\u0131\u015ft\u0131r\u0131c\u0131 cihazlar gibi<\/em>) cihaz veya te\u00e7hizat talep edilmesi halinde bunlar\u0131n say\u0131lar\u0131na ili\u015fkin husus \u201c<strong><em>Di\u011fer<\/em><\/strong>\u201d k\u0131sm\u0131nda a\u00e7\u0131klama yapmak suretiyle belirtilecektir.<\/p>\n<p><strong>Formla \u0130lgili Di\u011fer Hususlar:<\/strong><\/p>\n<ul>\n<li>\u0130lk defa \u00f6zel g\u00fcvenlik izni taleplerinde ya da ta\u015f\u0131nma veya fiziki durum de\u011fi\u015fikliklerinde \u00f6zel g\u00fcvenlik izni talep edilen bina, tesis ve\/veya alanlar\u0131n cadde, sokak ve di\u011fer yollarla ba\u011flant\u0131lar\u0131n\u0131 da g\u00f6sterir \u015fekilde haz\u0131rlanm\u0131\u015f kabataslak (basit) kroki ve kat plan\u0131 talep formuna eklenecektir.<\/li>\n<li>\u0130zin talep edilen yerin adresinin g\u00fcncel oldu\u011funu g\u00f6sterir belge talep formuna eklenecektir.<\/li>\n<li>Talep formu ki\u015fi, kurum veya kurulu\u015f yetkilisi taraf\u0131ndan imzalanacakt\u0131r.<\/li>\n<\/ul>\n<p><strong><em>\u00a0<\/em><\/strong><\/p>\n<p>&nbsp;<\/p>\n<\/div>\n<div align=\"center\"><\/div>\n<div align=\"justify\">\u00a0\u00a0\u00a0\u00a0 DOLDURUP HAZIRLADI\u011eINIZ D\u0130LEK\u00c7E, B\u0130LG\u0130 FORMU, VE D\u0130LEK\u00c7E EKLER\u0130N\u0130 G\u00dcVENL\u0130K H\u0130ZMET\u0130 ALACA\u011eINIZ YER POL\u0130S B\u00d6LGES\u0130NDE \u0130SE EMN\u0130YET M\u00dcD\u00dcRL\u00dc\u011e\u00dcNE, JANDARMA B\u00d6LGES\u0130NDE \u0130SE BA\u011eLI OLDU\u011eUNUZ JANDARMA \u00d6ZEL G\u00dcVENL\u0130K \u015eUBES\u0130NE TESL\u0130M ED\u0130LMEL\u0130D\u0130R . S\u0130ZE VER\u0130LECEK OLAN DAVETLE \u00d6ZEL G\u00dcVENL\u0130K KOM\u0130SYON TOPLANTISINA KATILIP M\u00dcRACATINIZA VAL\u0130 OLURU VER\u0130LD\u0130KTEN SONRA \u00d6ZEL G\u00dcVENL\u0130K B\u0130R\u0130M\u0130 KURAB\u0130L\u0130R VEYA \u015e\u0130RKETLERDEN \u00d6ZEL G\u00dcVENL\u0130K H\u0130ZMET\u0130 ALMAYA BA\u015eLAYAB\u0130L\u0130RS\u0130N\u0130Z.<\/div>\n<p>&nbsp;<\/p>","protected":false},"excerpt":{"rendered":"<p>G\u00fcvenlik Hizmeti almay\u0131 d\u00fc\u015f\u00fcnen ki\u015fi,kurum ve kurulu\u015flar her\u015feyden \u00f6nce kendilerine bu hizmeti lay\u0131k\u0131yla sa\u011flayacak iyi bir G\u00fcvenlik \u015firketi bulmak zorundad\u0131r.Evet ama iyi bir G\u00fcvenlik \u015firketi bulurken nelere dikkat etmeliyiz.Malumu olunaca\u011f\u0131 \u00fczere her sekt\u00f6rde oldu\u011fu gibi \u00d6zel G\u00fcvenlik Hizmetleri sekt\u00f6r\u00fcnde de iyi ve k\u00f6t\u00fcler vard\u0131r ve bazen iyi ve k\u00f6t\u00fcy\u00fc ay\u0131rmak zor olabilir.Biz burada size iyi [&hellip;]<\/p>","protected":false},"author":1,"featured_media":0,"parent":1056,"menu_order":0,"comment_status":"closed","ping_status":"closed","template":"","meta":{"footnotes":""},"class_list":["post-3318","page","type-page","status-publish","hentry"],"_links":{"self":[{"href":"https:\/\/www.catguvenlik.com\/en\/wp-json\/wp\/v2\/pages\/3318","targetHints":{"allow":["GET"]}}],"collection":[{"href":"https:\/\/www.catguvenlik.com\/en\/wp-json\/wp\/v2\/pages"}],"about":[{"href":"https:\/\/www.catguvenlik.com\/en\/wp-json\/wp\/v2\/types\/page"}],"author":[{"embeddable":true,"href":"https:\/\/www.catguvenlik.com\/en\/wp-json\/wp\/v2\/users\/1"}],"replies":[{"embeddable":true,"href":"https:\/\/www.catguvenlik.com\/en\/wp-json\/wp\/v2\/comments?post=3318"}],"version-history":[{"count":1,"href":"https:\/\/www.catguvenlik.com\/en\/wp-json\/wp\/v2\/pages\/3318\/revisions"}],"predecessor-version":[{"id":3319,"href":"https:\/\/www.catguvenlik.com\/en\/wp-json\/wp\/v2\/pages\/3318\/revisions\/3319"}],"up":[{"embeddable":true,"href":"https:\/\/www.catguvenlik.com\/en\/wp-json\/wp\/v2\/pages\/1056"}],"wp:attachment":[{"href":"https:\/\/www.catguvenlik.com\/en\/wp-json\/wp\/v2\/media?parent=3318"}],"curies":[{"name":"wp","href":"https:\/\/api.w.org\/{rel}","templated":true}]}}