{"id":3306,"date":"2024-12-10T21:53:42","date_gmt":"2024-12-10T18:53:42","guid":{"rendered":"http:\/\/localhost\/cat\/?page_id=3306"},"modified":"2024-12-12T15:16:59","modified_gmt":"2024-12-12T12:16:59","slug":"fiziki-guvenlik","status":"publish","type":"page","link":"https:\/\/www.catguvenlik.com\/en\/hizmetlerimiz\/fiziki-guvenlik\/","title":{"rendered":"Fiziki G\u00fcvenlik"},"content":{"rendered":"<p><strong>\u00d6ZEL G\u00dcVENL\u0130K H\u0130ZMET\u0130 ;<\/strong><\/p>\n<p>Fiziki \u00d6zel G\u00fcvenlik g\u00fcn\u00fcm\u00fczde genel kollu\u011fun en \u00f6nemli yard\u0131mc\u0131s\u0131 konumuna gelmektedir. 2004 y\u0131l\u0131nda yasala\u015fan 5188 say\u0131l\u0131 kanun ile \u00e7eki d\u00fczen verilen \u00f6zel g\u00fcvenlik firmalar\u0131, bizce hala \u00e7ok fazla olan yasal bo\u015fluklara ra\u011fmen i\u015fini ciddiye alan ve kurumsalla\u015fmaya \u00f6nem veren \u015firketler sayesinde \u00f6nemli yol alm\u0131\u015ft\u0131r.<\/p>\n<p>CAT G\u00fcvenlik olarak bizde fiziki g\u00fcvenlikte kurumsalla\u015fma ad\u0131na \u00e7ok \u00f6nemli ad\u0131mlar att\u0131k ve sekt\u00f6rdeki yerimizi sa\u011flamla\u015ft\u0131rd\u0131k,hala geli\u015fimimize devam etmekteyiz.. Bu ama\u00e7la\u00a0<strong>\u201cMarkala\u015fma ve Hizmette Kalite Standartlar\u0131m\u0131z\u0131\u201d<\/strong>\u00a0belgelendirerek bunlar\u0131n akreditasyonlar\u0131n\u0131 ger\u00e7ekle\u015ftirmi\u015f bulunmaktay\u0131z.<\/p>\n<p>\u015eirket \u00dcst d\u00fczey y\u00f6netiminde bulunan t\u00fcm\u00a0\u00e7al\u0131\u015fanlar\u0131m\u0131z genel kolluk emeklisi\u00a0<strong>(TSK, Jandarma Gn.Kom. ve Emniyet Gn. Md.)<\/strong>\u00a0ve fiziki g\u00fcvenli\u011fin profesyonellerinden olu\u015fmaktad\u0131r. Y\u00f6netim kadromuzun disiplin ve y\u00fcksek performans anlay\u0131\u015f\u0131 CAT G\u00fcvenli\u011fin hizmetine\u00a0yans\u0131m\u0131\u015f ve \u015eirketimize\u00a0k\u0131sa s\u00fcrede hak etti\u011fi bir\u00a0ba\u015far\u0131 getirmi\u015ftir.<\/p>\n<p>Sizlerinde fiziki g\u00fcvenlik sorunlar\u0131n\u0131zda CAT G\u00fcvenli\u011fin profesyonel \u00e7\u00f6z\u00fcm anlay\u0131\u015f\u0131yla yan\u0131ba\u015f\u0131n\u0131zday\u0131z.<\/p>\n<p><strong>G\u00dcVENL\u0130K H\u0130ZMETLER\u0130NDE FAL\u0130YET ALANLARIMIZ<\/strong><\/p>\n<p><strong>KAMU B\u0130NALARI VE \u00dcRET\u0130M TES\u0130SLER\u0130 G\u00dcVENL\u0130\u011e\u0130.<br \/>\nVAKIF YADA DEVLET \u00dcN\u0130VERS\u0130TELER\u0130 G\u00dcVENL\u0130\u011e\u0130.<br \/>\nY\u00dcKSEK KORUMA \u0130HT\u0130YACI DUYULAN YAZILIM \u00dcRET\u0130M ALANLARI G\u00dcVENL\u0130\u011e\u0130.<br \/>\n\u00d6ZEL YADA DEVLET OKULLARI G\u00dcVENL\u0130\u011e\u0130.<br \/>\nORGAN\u0130ZE SANAY\u0130 B\u00d6LGELER\u0130 G\u00dcVENL\u0130\u011e\u0130.<br \/>\nFABR\u0130KALAR VE \u00dcRET\u0130M ALANLARI G\u00dcVENL\u0130\u011e\u0130.<br \/>\nELEKTR\u0130K \u00dcRET\u0130M SANTRALLER\u0130 G\u00dcVENL\u0130\u011e\u0130.<br \/>\nH\u0130DRO ELEKTR\u0130K SANTRALLER\u0130 G\u00dcVENL\u0130\u011e\u0130.<br \/>\nB\u00dcY\u00dcK \u00d6L\u00c7EKL\u0130 SANAY\u0130 TES\u0130SLER\u0130 G\u00dcVENL\u0130\u011e\u0130.<br \/>\n\u00d6ZEL HASTANELER G\u00dcVENL\u0130\u011e\u0130.<br \/>\nDEVLET VE VAKIF HASTANELER\u0130 G\u00dcVENL\u0130\u011e\u0130.<br \/>\nODALAR VE BORSALAR H\u0130ZMET B\u0130NALARI G\u00dcVENL\u0130\u011e\u0130.<br \/>\nS\u0130TELER VE YA\u015eAM ALANLARI G\u00dcVENL\u0130\u011e\u0130.<br \/>\nOTELLER VE TAT\u0130L K\u00d6YLER\u0130 G\u00dcVENL\u0130\u011e\u0130.<br \/>\nHOLD\u0130NG MERKEZLER\u0130 G\u00dcVENL\u0130\u011e\u0130.<br \/>\nALI\u015eVER\u0130\u015e MERKEZLER\u0130 G\u00dcVENL\u0130\u011e\u0130.<br \/>\n\u0130\u015e MERKEZLER\u0130 G\u00dcVENL\u0130\u011e\u0130.<br \/>\nTOPLANTI VE ORGAN\u0130ZASYON (KONSERLER,\u015eENL\u0130KLER,A\u00c7ILI\u015eLAR) G\u00dcVENL\u0130\u011e\u0130.<br \/>\nE\u011eLENCE YERLER\u0130 G\u00dcVENL\u0130\u011e\u0130.<br \/>\n\u00d6NEML\u0130 K\u0130\u015e\u0130LER\u0130N KORUNMASI ( V \u0130 P KORUMA .)<br \/>\nMETAL BAR\u0130YER K\u0130RALAMA H\u0130ZMETLER\u0130.(ORGAN\u0130ZASYONLAR \u0130\u00c7\u0130N).<\/strong><\/p>\n<p>5188 Say\u0131l\u0131 kanun \u00e7er\u00e7evesinde hizmet veren \u015firketimiz yukar\u0131da belirtilen alanlarda yine kanunun \u00f6ng\u00f6rd\u00fc\u011f\u00fc \u015fekilde fiziki g\u00fcvenlik hizmeti sa\u011flamaktad\u0131r.Her faliyet alan\u0131 i\u00e7in kendine has \u00f6zellikleri bulunan bu hizmetleri sa\u011flayacak personelleride \u00f6zel olarak e\u011fiterek buradaki hizmetin \u00f6zelliklerine uygun olarak yeti\u015ftirmekteyiz.<\/p>\n<p>Sizinde G\u00fcvenlik hizmetine ihtiyac\u0131n\u0131z varsa bizler profesyonel kadromuzla hizmetinizdeyiz. Sitemizin ileti\u015fim b\u00f6l\u00fcm\u00fcnden bizlere 24 saat boyunca istedi\u011finiz an ula\u015fabilirsiniz yada\u00a0hemen\u00a0ileti\u015fim formuyla bizlere ula\u015fabilir ve sizde kaliteli bir g\u00fcvenlik hizmetinden faydalanabilirsiniz.<\/p>\n<p><strong>CAT G\u00dcVENL\u0130K H\u0130ZMETLER\u0130YLE\u00a0\u00a0<em>\u201d ARTIK G\u00dcVENDES\u0130N\u0130Z \u201d<\/em><\/strong><\/p>","protected":false},"excerpt":{"rendered":"<p>\u00d6ZEL G\u00dcVENL\u0130K H\u0130ZMET\u0130 ; Fiziki \u00d6zel G\u00fcvenlik g\u00fcn\u00fcm\u00fczde genel kollu\u011fun en \u00f6nemli yard\u0131mc\u0131s\u0131 konumuna gelmektedir. 2004 y\u0131l\u0131nda yasala\u015fan 5188 say\u0131l\u0131 kanun ile \u00e7eki d\u00fczen verilen \u00f6zel g\u00fcvenlik firmalar\u0131, bizce hala \u00e7ok fazla olan yasal bo\u015fluklara ra\u011fmen i\u015fini ciddiye alan ve kurumsalla\u015fmaya \u00f6nem veren \u015firketler sayesinde \u00f6nemli yol alm\u0131\u015ft\u0131r. CAT G\u00fcvenlik olarak bizde fiziki g\u00fcvenlikte kurumsalla\u015fma [&hellip;]<\/p>","protected":false},"author":1,"featured_media":0,"parent":1056,"menu_order":0,"comment_status":"closed","ping_status":"closed","template":"","meta":{"footnotes":""},"class_list":["post-3306","page","type-page","status-publish","hentry"],"_links":{"self":[{"href":"https:\/\/www.catguvenlik.com\/en\/wp-json\/wp\/v2\/pages\/3306","targetHints":{"allow":["GET"]}}],"collection":[{"href":"https:\/\/www.catguvenlik.com\/en\/wp-json\/wp\/v2\/pages"}],"about":[{"href":"https:\/\/www.catguvenlik.com\/en\/wp-json\/wp\/v2\/types\/page"}],"author":[{"embeddable":true,"href":"https:\/\/www.catguvenlik.com\/en\/wp-json\/wp\/v2\/users\/1"}],"replies":[{"embeddable":true,"href":"https:\/\/www.catguvenlik.com\/en\/wp-json\/wp\/v2\/comments?post=3306"}],"version-history":[{"count":1,"href":"https:\/\/www.catguvenlik.com\/en\/wp-json\/wp\/v2\/pages\/3306\/revisions"}],"predecessor-version":[{"id":3307,"href":"https:\/\/www.catguvenlik.com\/en\/wp-json\/wp\/v2\/pages\/3306\/revisions\/3307"}],"up":[{"embeddable":true,"href":"https:\/\/www.catguvenlik.com\/en\/wp-json\/wp\/v2\/pages\/1056"}],"wp:attachment":[{"href":"https:\/\/www.catguvenlik.com\/en\/wp-json\/wp\/v2\/media?parent=3306"}],"curies":[{"name":"wp","href":"https:\/\/api.w.org\/{rel}","templated":true}]}}