{"id":3303,"date":"2024-12-10T21:49:29","date_gmt":"2024-12-10T18:49:29","guid":{"rendered":"http:\/\/localhost\/cat\/?page_id=3303"},"modified":"2024-12-12T15:17:20","modified_gmt":"2024-12-12T12:17:20","slug":"guvenlik-muhendisligi","status":"publish","type":"page","link":"https:\/\/www.catguvenlik.com\/en\/hizmetlerimiz\/guvenlik-muhendisligi\/","title":{"rendered":"G\u00fcvenlik M\u00fchendisli\u011fi"},"content":{"rendered":"<p><strong>G\u00dcVENL\u0130K M\u00dcHEND\u0130SL\u0130\u011e\u0130N\u0130N TANIMI<\/strong><\/p>\n<p>G\u00fcvenlik m\u00fchendisli\u011fi, geli\u015fen bir disiplindir. Bug\u00fcn i\u00e7in, yayg\u0131n olarak kabul g\u00f6rm\u00fc\u015f bir tan\u0131m\u0131 yap\u0131lmam\u0131\u015ft\u0131r. Bununla birlikte tan\u0131mla ilgili baz\u0131 genellemeler yapmak m\u00fcmk\u00fcnd\u00fcr. G\u00fcvenlik m\u00fchendisli\u011finin baz\u0131 ama\u00e7lar\u0131 \u015funlard\u0131r:<\/p>\n<p>\u00b7 Bir te\u015febb\u00fcsle ilgili g\u00fcvenlik risklerinin anla\u015f\u0131labilir k\u0131l\u0131nmas\u0131d\u0131r.<br \/>\n\u00b7 Tan\u0131mlanan risklerle uyumlu olarak, g\u00fcvenlik ihtiya\u00e7lar\u0131n\u0131n tespit edilmesidir.<br \/>\n\u00b7 G\u00fcvenlik ihtiya\u00e7lar\u0131n\u0131, di\u011fer disiplinlerle entegre olmu\u015f bir g\u00fcvenlik rehberli\u011fine d\u00f6n\u00fc\u015ft\u00fcrmektir.<br \/>\n\u00b7 G\u00fcvenlik mekanizmalar\u0131n\u0131n, etkinli\u011finin ve do\u011frulu\u011funun g\u00fcvenilirli\u011fini sa\u011flamakt\u0131r.<br \/>\n\u00b7 G\u00fcvenlik zay\u0131fl\u0131klar\u0131n\u0131n neden olabilece\u011fi tesirlerin tespit edilmesidir.<br \/>\n\u00b7 Sistemin g\u00fcvenilirli\u011finin sa\u011flanmas\u0131 i\u00e7in, b\u00fct\u00fcn m\u00fchendislik disiplinlerini ve uzmanl\u0131k alanlar\u0131n\u0131, sisteme entegre etmektir.<\/p>\n<p>Sizlere \u00d6zel olarak ;<\/p>\n<p><strong>\u00a0\u00a0\u00a0\u00a0 CAT G\u00dcVENL\u0130K M\u00dcHEND\u0130SL\u0130\u011e\u0130N \u00c7\u00d6Z\u00dcMLER\u0130<\/strong><\/p>\n<p>1.\u00a0G\u00fcvenlik Risk Analizi<br \/>\n2.\u00a0Kurumsal G\u00fcvenlik politikas\u0131 olu\u015fturulmas\u0131 ve \u00c7\u00f6z\u00fcmler<br \/>\n3. Detayl\u0131 Planlama, projelendirme ve Dizayn \u00e7al\u0131\u015fmalar\u0131(elektronik g\u00fcvenlik,fiziki g\u00fcvenlik)<br \/>\n4.\u00a0\u0130hale s\u00fcreci takip<br \/>\n5.\u00a0\u0130\u015f s\u00fcreklili\u011fi planlar\u0131 ve Uygulama esaslar\u0131n\u0131n belirlenmesi<br \/>\n6.\u00a0\u00d6zel G\u00fcvenlik\u00a0Hizmetleri \u0130dari ve Te\u015fartnamelerinin haz\u0131rlanmas\u0131,Kabul testleri<br \/>\n7.\u00a0Kriz y\u00f6netimi ve Uygulamalar\u0131n Denetlenmesi,Raporlanmas\u0131<\/p>\n<p>CAT G\u00fcvenlik M\u00fchendislik Hizmetleri yukar\u0131daki konulara G\u00fcvenlik Risklerinin minumuma d\u00fc\u015f\u00fcr\u00fclmesi ve tecr\u00fcbeye dayanan \u00d6zel G\u00fcvenlik uzmanlar\u0131n rapor ve tavsiyeleri ile mod\u00fcler ve entegre \u00e7\u00f6z\u00fcmler \u00fcretir.G\u00fcvenlik \u00e7\u00f6z\u00fcmlerinin ne derece uyguland\u0131\u011f\u0131n\u0131, sistemde nerelerde t\u0131kanmalar oldu\u011funu belirler, \u00e7\u00f6z\u00fcm \u00f6nerileri rapor halinde y\u00f6netimlere bildiririz.<br \/>\nG\u00fcvenlik M\u00fchendisli\u011fi Hizmetiyle,\u00a0m\u00fc\u015fterilerimiz i\u00e7in \u00f6ng\u00f6rd\u00fc\u011f\u00fcm\u00fcz g\u00fcvenlik stratejisi ve politikas\u0131 paralelinde ortaya \u00e7\u0131kan \u00d6zel G\u00fcvenlik sistemi \u00f6nerisinin, en do\u011fru,profesyonel bi\u00e7imde uygulanmas\u0131n\u0131 sa\u011flar\u0131z.<\/p>\n<p><strong>\u00d6ZETLE;<\/strong><\/p>\n<p><strong>CAT G\u00dcVENL\u0130K H\u0130ZMETLER\u0130YLE<\/strong>\u00a0\u00a0<strong><em>\u201d ARTIK G\u00dcVENDES\u0130N\u0130Z\u201d<\/em><\/strong><\/p>","protected":false},"excerpt":{"rendered":"<p>G\u00dcVENL\u0130K M\u00dcHEND\u0130SL\u0130\u011e\u0130N\u0130N TANIMI G\u00fcvenlik m\u00fchendisli\u011fi, geli\u015fen bir disiplindir. Bug\u00fcn i\u00e7in, yayg\u0131n olarak kabul g\u00f6rm\u00fc\u015f bir tan\u0131m\u0131 yap\u0131lmam\u0131\u015ft\u0131r. Bununla birlikte tan\u0131mla ilgili baz\u0131 genellemeler yapmak m\u00fcmk\u00fcnd\u00fcr. G\u00fcvenlik m\u00fchendisli\u011finin baz\u0131 ama\u00e7lar\u0131 \u015funlard\u0131r: \u00b7 Bir te\u015febb\u00fcsle ilgili g\u00fcvenlik risklerinin anla\u015f\u0131labilir k\u0131l\u0131nmas\u0131d\u0131r. \u00b7 Tan\u0131mlanan risklerle uyumlu olarak, g\u00fcvenlik ihtiya\u00e7lar\u0131n\u0131n tespit edilmesidir. \u00b7 G\u00fcvenlik ihtiya\u00e7lar\u0131n\u0131, di\u011fer disiplinlerle entegre olmu\u015f bir [&hellip;]<\/p>","protected":false},"author":1,"featured_media":0,"parent":1056,"menu_order":0,"comment_status":"closed","ping_status":"closed","template":"","meta":{"footnotes":""},"class_list":["post-3303","page","type-page","status-publish","hentry"],"_links":{"self":[{"href":"https:\/\/www.catguvenlik.com\/en\/wp-json\/wp\/v2\/pages\/3303","targetHints":{"allow":["GET"]}}],"collection":[{"href":"https:\/\/www.catguvenlik.com\/en\/wp-json\/wp\/v2\/pages"}],"about":[{"href":"https:\/\/www.catguvenlik.com\/en\/wp-json\/wp\/v2\/types\/page"}],"author":[{"embeddable":true,"href":"https:\/\/www.catguvenlik.com\/en\/wp-json\/wp\/v2\/users\/1"}],"replies":[{"embeddable":true,"href":"https:\/\/www.catguvenlik.com\/en\/wp-json\/wp\/v2\/comments?post=3303"}],"version-history":[{"count":1,"href":"https:\/\/www.catguvenlik.com\/en\/wp-json\/wp\/v2\/pages\/3303\/revisions"}],"predecessor-version":[{"id":3304,"href":"https:\/\/www.catguvenlik.com\/en\/wp-json\/wp\/v2\/pages\/3303\/revisions\/3304"}],"up":[{"embeddable":true,"href":"https:\/\/www.catguvenlik.com\/en\/wp-json\/wp\/v2\/pages\/1056"}],"wp:attachment":[{"href":"https:\/\/www.catguvenlik.com\/en\/wp-json\/wp\/v2\/media?parent=3303"}],"curies":[{"name":"wp","href":"https:\/\/api.w.org\/{rel}","templated":true}]}}