{"id":3273,"date":"2024-12-10T21:00:14","date_gmt":"2024-12-10T18:00:14","guid":{"rendered":"http:\/\/localhost\/cat\/?page_id=3273"},"modified":"2024-12-12T14:21:34","modified_gmt":"2024-12-12T11:21:34","slug":"ozel-guvenlik-gorevlilerimizin-temini-ve-secimi","status":"publish","type":"page","link":"https:\/\/www.catguvenlik.com\/en\/kariyer\/ozel-guvenlik-gorevlilerimizin-temini-ve-secimi\/","title":{"rendered":"\u00d6zel G\u00fcvenlik G\u00f6revlilerimizin Temini Ve Se\u00e7imi"},"content":{"rendered":"<div data-elementor-type=\"wp-page\" data-elementor-id=\"3273\" class=\"elementor elementor-3273\">\n\t\t\t\t<div class=\"elementor-element elementor-element-7a885ca1 e-flex e-con-boxed e-con e-parent\" data-id=\"7a885ca1\" data-element_type=\"container\" data-settings=\"{&quot;background_background&quot;:&quot;classic&quot;}\">\n\t\t\t\t\t<div class=\"e-con-inner\">\n\t\t\t\t<div class=\"elementor-element elementor-element-7c50f05 elementor-widget elementor-widget-heading\" data-id=\"7c50f05\" data-element_type=\"widget\" data-widget_type=\"heading.default\">\n\t\t\t\t<div class=\"elementor-widget-container\">\n\t\t\t<style>\/*! elementor - v3.23.0 - 05-08-2024 *\/\n.elementor-heading-title{padding:0;margin:0;line-height:1}.elementor-widget-heading .elementor-heading-title[class*=elementor-size-]>a{color:inherit;font-size:inherit;line-height:inherit}.elementor-widget-heading .elementor-heading-title.elementor-size-small{font-size:15px}.elementor-widget-heading .elementor-heading-title.elementor-size-medium{font-size:19px}.elementor-widget-heading .elementor-heading-title.elementor-size-large{font-size:29px}.elementor-widget-heading .elementor-heading-title.elementor-size-xl{font-size:39px}.elementor-widget-heading .elementor-heading-title.elementor-size-xxl{font-size:59px}<\/style><h2 class=\"elementor-heading-title elementor-size-default\">\u00d6zel G\u00fcvenlik G\u00f6revlilerimizin Temini Ve Se\u00e7imi<\/h2>\t\t<\/div>\n\t\t\t\t<\/div>\n\t\t\t\t\t<\/div>\n\t\t\t\t<\/div>\n\t\t<div class=\"elementor-element elementor-element-7d68fc1 e-flex e-con-boxed e-con e-parent\" data-id=\"7d68fc1\" data-element_type=\"container\">\n\t\t\t\t\t<div class=\"e-con-inner\">\n\t\t\t\t<div class=\"elementor-element elementor-element-e434565 elementor-widget elementor-widget-text-editor\" data-id=\"e434565\" data-element_type=\"widget\" data-widget_type=\"text-editor.default\">\n\t\t\t\t<div class=\"elementor-widget-container\">\n\t\t\t<style>\/*! elementor - v3.23.0 - 05-08-2024 *\/\n.elementor-widget-text-editor.elementor-drop-cap-view-stacked .elementor-drop-cap{background-color:#69727d;color:#fff}.elementor-widget-text-editor.elementor-drop-cap-view-framed .elementor-drop-cap{color:#69727d;border:3px solid;background-color:transparent}.elementor-widget-text-editor:not(.elementor-drop-cap-view-default) .elementor-drop-cap{margin-top:8px}.elementor-widget-text-editor:not(.elementor-drop-cap-view-default) .elementor-drop-cap-letter{width:1em;height:1em}.elementor-widget-text-editor .elementor-drop-cap{float:left;text-align:center;line-height:1;font-size:50px}.elementor-widget-text-editor .elementor-drop-cap-letter{display:inline-block}<\/style>\t\t\t\t<p>Vizyonumuz ve misyonumuz do\u011frultusunda, ihtiya\u00e7 duydu\u011fumuz i\u015fg\u00fcc\u00fcn\u00fc en verimli ve en etkin bir \u015fekilde olu\u015fturmaya \u00e7al\u0131\u015f\u0131yoruz.<br \/>Cat G\u00fcvenlik olarak amac\u0131m\u0131z, personelimizin hayat kalitesini art\u0131rmak ve onlar\u0131n memnuniyeti sa\u011flamakt\u0131r.<br \/>\u015eirketimizde etkili bir kadro yap\u0131s\u0131 i\u00e7in; \u00e7al\u0131\u015fanlar, niteliklerine ve ki\u015fisel yeteneklerine g\u00f6re se\u00e7ilmekte ve g\u00f6revlendirilmektedir.<br \/>\u015eirketimiz b\u00fcnyesinde \u00f6zel g\u00fcvenlik g\u00f6revlisi olarak \u00e7al\u0131\u015fabilmek i\u00e7in, pozisyonun gerektirdi\u011fi nitelikler ve yetkinlikler tan\u0131mlanm\u0131\u015ft\u0131r. \u0130\u015fe al\u0131m s\u00fcrecinde de adaylarda, tan\u0131mlanan bu nitelikler aran\u0131r.<br \/>\u00d6zel g\u00fcvenlik g\u00f6revlisi se\u00e7imi birtak\u0131m i\u015flemlerden olu\u015fmaktad\u0131r. Bu i\u015flemlerin s\u0131ras\u0131 ve a\u011f\u0131rl\u0131k derecesi hizmet alan m\u00fc\u015fteriden m\u00fc\u015fteriye farkl\u0131l\u0131k g\u00f6sterebilmektedir. \u00d6zel G\u00fcvenlik g\u00f6revlisi se\u00e7iminde adaylarda aranan \u00f6zellikleri; d\u00f6rt ana ba\u015fl\u0131k alt\u0131nda toplamaktay\u0131z. Bunlar, aday\u0131n;<\/p><p><strong>\u00d6zel G\u00fcvenlik G\u00f6revlisi Kimlik Kart\u0131 Durumu<br \/>Aday\u0131n E\u011fitim Durumu<br \/>Ki\u015fisel \u00d6zellikleri<br \/>Fiziksel \u00d6zellikleridir.<br \/><\/strong><br \/>\u00d6zel g\u00fcvenlik g\u00f6revlisi al\u0131m\u0131m\u0131zda, bu unsurlar\u0131n hepsi \u00e7ok \u00f6nemli olmakla birlikte \u00f6ncelikle fiziki durumu uygun olmayan adaylar\u0131 elemekteyiz, daha sonra fiziki durumu uygun (atletik ve sa\u011fl\u0131kl\u0131) adaylar aras\u0131ndan gerekli e\u011fitim ve ki\u015fisel \u00f6zellikleri bulunduran adaylar\u0131 se\u00e7mekteyiz..<\/p><p><strong>Aday\u0131n Se\u00e7imine Karar Verilmesi:<\/strong><\/p><p>\u00d6zel g\u00fcvenlik g\u00f6revlisi se\u00e7im s\u00fcrecinin amac\u0131; hizmet alan m\u00fc\u015fterilerimizin arad\u0131\u011f\u0131 \u00f6zelliklere uygun bireyleri belirleyerek i\u015fe al\u0131nmalar\u0131na karar vermektir.<br \/>Hangi aday\u0131n se\u00e7ilece\u011finin belirlenmesi i\u00e7in adaylar\u0131, i\u015fe uygunluk bak\u0131m\u0131ndan, \u00f6nem derecesine g\u00f6re s\u0131ralamaktay\u0131z.<br \/>Se\u00e7im s\u00fcrecinin her a\u015famas\u0131nda genel ilke olarak; insanlara sayg\u0131n\u0131n esas al\u0131nmas\u0131, objektif davran\u0131lmas\u0131, m\u00fc\u015fteri \u00f6nceliklerinin esas al\u0131nmas\u0131, m\u00fc\u015fterilerimizin imaj\u0131 ve hizmetin devaml\u0131l\u0131\u011f\u0131n\u0131 ilke olarak kabul etmekteyiz.<\/p><p>G\u00fcvenli Bir Ya\u015fam Dileriz.<\/p>\t\t\t\t\t\t<\/div>\n\t\t\t\t<\/div>\n\t\t\t\t\t<\/div>\n\t\t\t\t<\/div>\n\t\t\t\t<\/div>","protected":false},"excerpt":{"rendered":"<p>\u00d6zel G\u00fcvenlik G\u00f6revlilerimizin Temini Ve Se\u00e7imi Vizyonumuz ve misyonumuz do\u011frultusunda, ihtiya\u00e7 duydu\u011fumuz i\u015fg\u00fcc\u00fcn\u00fc en verimli ve en etkin bir \u015fekilde olu\u015fturmaya \u00e7al\u0131\u015f\u0131yoruz.Cat G\u00fcvenlik olarak amac\u0131m\u0131z, personelimizin hayat kalitesini art\u0131rmak ve onlar\u0131n memnuniyeti sa\u011flamakt\u0131r.\u015eirketimizde etkili bir kadro yap\u0131s\u0131 i\u00e7in; \u00e7al\u0131\u015fanlar, niteliklerine ve ki\u015fisel yeteneklerine g\u00f6re se\u00e7ilmekte ve g\u00f6revlendirilmektedir.\u015eirketimiz b\u00fcnyesinde \u00f6zel g\u00fcvenlik g\u00f6revlisi olarak \u00e7al\u0131\u015fabilmek i\u00e7in, pozisyonun [&hellip;]<\/p>","protected":false},"author":1,"featured_media":0,"parent":1528,"menu_order":0,"comment_status":"closed","ping_status":"closed","template":"","meta":{"footnotes":""},"class_list":["post-3273","page","type-page","status-publish","hentry"],"_links":{"self":[{"href":"https:\/\/www.catguvenlik.com\/en\/wp-json\/wp\/v2\/pages\/3273","targetHints":{"allow":["GET"]}}],"collection":[{"href":"https:\/\/www.catguvenlik.com\/en\/wp-json\/wp\/v2\/pages"}],"about":[{"href":"https:\/\/www.catguvenlik.com\/en\/wp-json\/wp\/v2\/types\/page"}],"author":[{"embeddable":true,"href":"https:\/\/www.catguvenlik.com\/en\/wp-json\/wp\/v2\/users\/1"}],"replies":[{"embeddable":true,"href":"https:\/\/www.catguvenlik.com\/en\/wp-json\/wp\/v2\/comments?post=3273"}],"version-history":[{"count":8,"href":"https:\/\/www.catguvenlik.com\/en\/wp-json\/wp\/v2\/pages\/3273\/revisions"}],"predecessor-version":[{"id":3429,"href":"https:\/\/www.catguvenlik.com\/en\/wp-json\/wp\/v2\/pages\/3273\/revisions\/3429"}],"up":[{"embeddable":true,"href":"https:\/\/www.catguvenlik.com\/en\/wp-json\/wp\/v2\/pages\/1528"}],"wp:attachment":[{"href":"https:\/\/www.catguvenlik.com\/en\/wp-json\/wp\/v2\/media?parent=3273"}],"curies":[{"name":"wp","href":"https:\/\/api.w.org\/{rel}","templated":true}]}}