{"id":3268,"date":"2024-12-10T20:56:24","date_gmt":"2024-12-10T17:56:24","guid":{"rendered":"http:\/\/localhost\/cat\/?page_id=3268"},"modified":"2024-12-12T14:23:17","modified_gmt":"2024-12-12T11:23:17","slug":"guvenlik-gorevlisi-olmak-icin-aranan-ozellikler","status":"publish","type":"page","link":"https:\/\/www.catguvenlik.com\/en\/kariyer\/guvenlik-gorevlisi-olmak-icin-aranan-ozellikler\/","title":{"rendered":"G\u00fcvenlik G\u00f6revlisi Olmak \u0130\u00e7in Aranan \u00d6zellikler"},"content":{"rendered":"<div data-elementor-type=\"wp-page\" data-elementor-id=\"3268\" class=\"elementor elementor-3268\">\n\t\t\t\t<div class=\"elementor-element elementor-element-7a885ca1 e-flex e-con-boxed e-con e-parent\" data-id=\"7a885ca1\" data-element_type=\"container\" data-settings=\"{&quot;background_background&quot;:&quot;classic&quot;}\">\n\t\t\t\t\t<div class=\"e-con-inner\">\n\t\t\t\t<div class=\"elementor-element elementor-element-7c50f05 elementor-widget elementor-widget-heading\" data-id=\"7c50f05\" data-element_type=\"widget\" data-widget_type=\"heading.default\">\n\t\t\t\t<div class=\"elementor-widget-container\">\n\t\t\t<style>\/*! elementor - v3.23.0 - 05-08-2024 *\/\n.elementor-heading-title{padding:0;margin:0;line-height:1}.elementor-widget-heading .elementor-heading-title[class*=elementor-size-]>a{color:inherit;font-size:inherit;line-height:inherit}.elementor-widget-heading .elementor-heading-title.elementor-size-small{font-size:15px}.elementor-widget-heading .elementor-heading-title.elementor-size-medium{font-size:19px}.elementor-widget-heading .elementor-heading-title.elementor-size-large{font-size:29px}.elementor-widget-heading .elementor-heading-title.elementor-size-xl{font-size:39px}.elementor-widget-heading .elementor-heading-title.elementor-size-xxl{font-size:59px}<\/style><h2 class=\"elementor-heading-title elementor-size-default\">G\u00fcvenlik G\u00f6revlisi Olmak \u0130\u00e7in Aranan \u00d6zellikler<\/h2>\t\t<\/div>\n\t\t\t\t<\/div>\n\t\t\t\t\t<\/div>\n\t\t\t\t<\/div>\n\t\t<div class=\"elementor-element elementor-element-7d68fc1 e-flex e-con-boxed e-con e-parent\" data-id=\"7d68fc1\" data-element_type=\"container\">\n\t\t\t\t\t<div class=\"e-con-inner\">\n\t\t\t\t<div class=\"elementor-element elementor-element-e434565 elementor-widget elementor-widget-text-editor\" data-id=\"e434565\" data-element_type=\"widget\" data-widget_type=\"text-editor.default\">\n\t\t\t\t<div class=\"elementor-widget-container\">\n\t\t\t<style>\/*! elementor - v3.23.0 - 05-08-2024 *\/\n.elementor-widget-text-editor.elementor-drop-cap-view-stacked .elementor-drop-cap{background-color:#69727d;color:#fff}.elementor-widget-text-editor.elementor-drop-cap-view-framed .elementor-drop-cap{color:#69727d;border:3px solid;background-color:transparent}.elementor-widget-text-editor:not(.elementor-drop-cap-view-default) .elementor-drop-cap{margin-top:8px}.elementor-widget-text-editor:not(.elementor-drop-cap-view-default) .elementor-drop-cap-letter{width:1em;height:1em}.elementor-widget-text-editor .elementor-drop-cap{float:left;text-align:center;line-height:1;font-size:50px}.elementor-widget-text-editor .elementor-drop-cap-letter{display:inline-block}<\/style>\t\t\t\t<ul><li><strong>1.<\/strong>\u00a0Valiliklerce onayl\u0131 \u00d6zel G\u00fcvenlik G\u00f6revlisi Kimlik Kart\u0131na Haiz Olmak<br \/><strong>2.\u00a0<\/strong>Bay\u00a0 adaylar i\u00e7in boy,en az 1.75cm ,bayan adaylar i\u00e7in boy en az 1.65 cm olmal\u0131d\u0131r.D\u00fczg\u00fcn bir fizik ve iyi bir diksiyona sahip olmal\u0131d\u0131rlar.Bu unsur insani ili\u015fkilerde ve ileti\u015fimde \u00f6nemlidir. G\u00f6rev ba\u015f\u0131ndayken kar\u015f\u0131s\u0131ndaki ki\u015finin olumsuz davran\u0131\u015f\u0131n\u0131 uygun bir anlat\u0131mla giderebilmelidir. Muhatap oldu\u011fu ki\u015filere kar\u015f\u0131 g\u00fcler y\u00fczl\u00fc ve kibar olmal\u0131d\u0131r.<br \/><strong>3.<\/strong>\u00a0Kararl\u0131 ve so\u011fukkanl\u0131 olmal\u0131d\u0131r: Meydana gelebilecek herhangi bir olay kar\u015f\u0131s\u0131nda sakin olmal\u0131, so\u011fukkanl\u0131\u011f\u0131n\u0131 koruyabilmeli ve kararl\u0131 davranabilmelidir. Kendisine g\u00f6sterebilecek k\u00f6t\u00fc bir tepkide kontroll\u00fc olmal\u0131d\u0131r.<br \/><strong>4.<\/strong>\u00a0Fiziki yeterlili\u011fe sahip ve sportmen olmal\u0131d\u0131r: Baz\u0131 durumlarda otoritenin sa\u011flanabilmesi i\u00e7in ki\u015fi ve topluma kar\u015f\u0131 fiziki g\u00fc\u00e7 kullanmak gerekebilir. Yaln\u0131z fiziki g\u00fc\u00e7 kullanmada a\u015f\u0131r\u0131ya ka\u00e7\u0131lmamal\u0131d\u0131r.<br \/><strong>5.<\/strong>\u00a0Dikkatli ve bilin\u00e7li olmal\u0131d\u0131r: Yerine getirdi\u011fi g\u00f6revin ne kadar \u00f6nemli oldu\u011funun bilincinde olmal\u0131, belirsiz ya da tehlikeli bir durumda kar\u015f\u0131la\u015ft\u0131\u011f\u0131nda dikkatli olmak zorundad\u0131rlar.<br \/><strong>6.<\/strong>\u00a0\u0130lkyard\u0131m konusunda bilgili ve yard\u0131msever olmal\u0131d\u0131r: \u00d6zel G\u00fcvenlik g\u00f6revlisi i\u00e7inde bulundu\u011fu olaylarda yaralanabilir veya yaral\u0131 insanlara yard\u0131m etmek durumunda kald\u0131\u011f\u0131nda bunu kurallara uygun bir \u015fekilde yerine getirebilmelidir.<br \/><strong>7.<\/strong>\u00a0Uyumlu olmal\u0131 ve k\u0131l\u0131k k\u0131yafetine dikkat etmelidir: \u00c7al\u0131\u015ft\u0131\u011f\u0131 ki\u015filerle birlikte uyum i\u00e7inde olmal\u0131d\u0131r. E\u011fer \u00f6zel g\u00fcvenlik personeli i\u015fyerinin giri\u015finde g\u00f6revli ise bu ki\u015fi d\u0131\u015far\u0131dan gelenlerin ilk kar\u015f\u0131la\u015faca\u011f\u0131 kimse olaca\u011f\u0131ndan giyiminin d\u00fczg\u00fcnl\u00fc\u011f\u00fcne, duru\u015funa ve konu\u015fmas\u0131na \u00f6zellikle dikkat etmelidir. Bu durum hizmet verilen m\u00fcesseselerin sayg\u0131nl\u0131\u011f\u0131 a\u00e7\u0131s\u0131ndan \u00e7ok \u00f6nemlidir.<br \/><strong>8.<\/strong>\u00a0Bilgisayar kullanmal\u0131, tercihen Yabanc\u0131 Dil bilmeli, Elektronik g\u00fcvenlik sistem ve cihazlar\u0131n\u0131 kullanabilmelidir.<br \/><strong>9.<\/strong>\u00a0G\u00fcvenilir ki\u015filerden bonservisli olmal\u0131, g\u00fcven ve itimat telkin etmelidir.<br \/><strong>10.<\/strong>\u00a0Y\u00fcksek \u00f6\u011frenim mezunu ve askerli\u011fini komando olarak yapm\u0131\u015f olmal\u0131d\u0131rlar. (Tercih sebebidir)<br \/><strong>11.<\/strong>\u00a0G\u00f6rev yapaca\u011f\u0131 b\u00f6lge s\u0131n\u0131rlar\u0131 i\u00e7erisinde oturmal\u0131, g\u00f6reve, e\u011fitime istekli ve elveri\u015fli olmal\u0131d\u0131r.<br \/><strong>12.<\/strong>\u00a0Bir i\u015fte sebatla \u00e7al\u0131\u015facak karakterde olmal\u0131, sarho\u015fluk, serke\u015flik ve kumar gibi al\u0131\u015fkanl\u0131klar\u0131 olmamal\u0131d\u0131r.<br \/><strong>13.<\/strong>\u00a0\u0130\u015f durumuna, \u00e7al\u0131\u015fma saatlerine uyum sa\u011flamal\u0131, her t\u00fcrl\u00fc hava ve arazi \u015fartlar\u0131nda g\u00f6rev yapabilmelidir.<br \/><strong>14.<\/strong>\u00a0Kendine emanet edilen mal\u0131 ve can\u0131 koruma bilincinde olmal\u0131, \u00e7evresine tutum ve davran\u0131\u015flar\u0131 \u00f6rnek olmal\u0131, muhatap oldu\u011fu ki\u015filere adil davranmal\u0131, \u00f6n yarg\u0131l\u0131 olmamal\u0131, kar\u015f\u0131s\u0131ndaki kim olursa olsun davran\u0131\u015flar\u0131nda sayg\u0131y\u0131 esas almal\u0131, gerekti\u011finde teredd\u00fcts\u00fcz yetkilerini kullanabilmelidir.<br \/><strong>15.<\/strong>\u00a0S\u00fcr\u00fcc\u00fc belgesi olmal\u0131,\u00a0arac\u0131 zor arazi ve hava \u015fartlar\u0131nda da kullanabilmelidir.(Tercih sebebidir)<\/li><\/ul>\t\t\t\t\t\t<\/div>\n\t\t\t\t<\/div>\n\t\t\t\t\t<\/div>\n\t\t\t\t<\/div>\n\t\t\t\t<\/div>","protected":false},"excerpt":{"rendered":"<p>G\u00fcvenlik G\u00f6revlisi Olmak \u0130\u00e7in Aranan \u00d6zellikler 1.\u00a0Valiliklerce onayl\u0131 \u00d6zel G\u00fcvenlik G\u00f6revlisi Kimlik Kart\u0131na Haiz Olmak2.\u00a0Bay\u00a0 adaylar i\u00e7in boy,en az 1.75cm ,bayan adaylar i\u00e7in boy en az 1.65 cm olmal\u0131d\u0131r.D\u00fczg\u00fcn bir fizik ve iyi bir diksiyona sahip olmal\u0131d\u0131rlar.Bu unsur insani ili\u015fkilerde ve ileti\u015fimde \u00f6nemlidir. G\u00f6rev ba\u015f\u0131ndayken kar\u015f\u0131s\u0131ndaki ki\u015finin olumsuz davran\u0131\u015f\u0131n\u0131 uygun bir anlat\u0131mla giderebilmelidir. Muhatap oldu\u011fu [&hellip;]<\/p>","protected":false},"author":1,"featured_media":0,"parent":1528,"menu_order":0,"comment_status":"closed","ping_status":"closed","template":"","meta":{"footnotes":""},"class_list":["post-3268","page","type-page","status-publish","hentry"],"_links":{"self":[{"href":"https:\/\/www.catguvenlik.com\/en\/wp-json\/wp\/v2\/pages\/3268","targetHints":{"allow":["GET"]}}],"collection":[{"href":"https:\/\/www.catguvenlik.com\/en\/wp-json\/wp\/v2\/pages"}],"about":[{"href":"https:\/\/www.catguvenlik.com\/en\/wp-json\/wp\/v2\/types\/page"}],"author":[{"embeddable":true,"href":"https:\/\/www.catguvenlik.com\/en\/wp-json\/wp\/v2\/users\/1"}],"replies":[{"embeddable":true,"href":"https:\/\/www.catguvenlik.com\/en\/wp-json\/wp\/v2\/comments?post=3268"}],"version-history":[{"count":9,"href":"https:\/\/www.catguvenlik.com\/en\/wp-json\/wp\/v2\/pages\/3268\/revisions"}],"predecessor-version":[{"id":3432,"href":"https:\/\/www.catguvenlik.com\/en\/wp-json\/wp\/v2\/pages\/3268\/revisions\/3432"}],"up":[{"embeddable":true,"href":"https:\/\/www.catguvenlik.com\/en\/wp-json\/wp\/v2\/pages\/1528"}],"wp:attachment":[{"href":"https:\/\/www.catguvenlik.com\/en\/wp-json\/wp\/v2\/media?parent=3268"}],"curies":[{"name":"wp","href":"https:\/\/api.w.org\/{rel}","templated":true}]}}