{"id":3248,"date":"2024-12-10T20:18:08","date_gmt":"2024-12-10T17:18:08","guid":{"rendered":"http:\/\/localhost\/cat\/?page_id=3248"},"modified":"2024-12-10T20:55:51","modified_gmt":"2024-12-10T17:55:51","slug":"ekibimiz","status":"publish","type":"page","link":"https:\/\/www.catguvenlik.com\/en\/kurumsal\/ekibimiz\/","title":{"rendered":"Ekibimiz"},"content":{"rendered":"<div data-elementor-type=\"wp-page\" data-elementor-id=\"3248\" class=\"elementor elementor-3248\">\n\t\t\t\t<div class=\"elementor-element elementor-element-7a885ca1 e-flex e-con-boxed e-con e-parent\" data-id=\"7a885ca1\" data-element_type=\"container\" data-settings=\"{&quot;background_background&quot;:&quot;classic&quot;}\">\n\t\t\t\t\t<div class=\"e-con-inner\">\n\t\t\t\t<div class=\"elementor-element elementor-element-7c50f05 elementor-widget elementor-widget-heading\" data-id=\"7c50f05\" data-element_type=\"widget\" data-widget_type=\"heading.default\">\n\t\t\t\t<div class=\"elementor-widget-container\">\n\t\t\t<style>\/*! elementor - v3.23.0 - 05-08-2024 *\/\n.elementor-heading-title{padding:0;margin:0;line-height:1}.elementor-widget-heading .elementor-heading-title[class*=elementor-size-]>a{color:inherit;font-size:inherit;line-height:inherit}.elementor-widget-heading .elementor-heading-title.elementor-size-small{font-size:15px}.elementor-widget-heading .elementor-heading-title.elementor-size-medium{font-size:19px}.elementor-widget-heading .elementor-heading-title.elementor-size-large{font-size:29px}.elementor-widget-heading .elementor-heading-title.elementor-size-xl{font-size:39px}.elementor-widget-heading .elementor-heading-title.elementor-size-xxl{font-size:59px}<\/style><h2 class=\"elementor-heading-title elementor-size-default\">Ekibimiz<\/h2>\t\t<\/div>\n\t\t\t\t<\/div>\n\t\t\t\t\t<\/div>\n\t\t\t\t<\/div>\n\t\t<div class=\"elementor-element elementor-element-dc64bd2 e-grid e-con-boxed e-con e-parent\" data-id=\"dc64bd2\" data-element_type=\"container\" data-settings=\"{&quot;background_background&quot;:&quot;gradient&quot;}\">\n\t\t\t\t\t<div class=\"e-con-inner\">\n\t\t\t\t<div class=\"elementor-element elementor-element-1b9d4f4 elementor-widget elementor-widget-text-editor\" data-id=\"1b9d4f4\" data-element_type=\"widget\" data-widget_type=\"text-editor.default\">\n\t\t\t\t<div class=\"elementor-widget-container\">\n\t\t\t<style>\/*! elementor - v3.23.0 - 05-08-2024 *\/\n.elementor-widget-text-editor.elementor-drop-cap-view-stacked .elementor-drop-cap{background-color:#69727d;color:#fff}.elementor-widget-text-editor.elementor-drop-cap-view-framed .elementor-drop-cap{color:#69727d;border:3px solid;background-color:transparent}.elementor-widget-text-editor:not(.elementor-drop-cap-view-default) .elementor-drop-cap{margin-top:8px}.elementor-widget-text-editor:not(.elementor-drop-cap-view-default) .elementor-drop-cap-letter{width:1em;height:1em}.elementor-widget-text-editor .elementor-drop-cap{float:left;text-align:center;line-height:1;font-size:50px}.elementor-widget-text-editor .elementor-drop-cap-letter{display:inline-block}<\/style>\t\t\t\t<div class=\"wrap mcb-wrap one-third valign-top clearfix\"><div class=\"mcb-wrap-inner\"><div class=\"column mcb-column one column_visual\"><p><strong>Genel Merkez<\/strong><\/p><ul><li>Genel M\u00fcd\u00fcr<\/li><li>Y\u00f6netim Temsilcisi<\/li><li>Hukuk M\u00fc\u015faviri<\/li><li>Mali M\u00fc\u015favir ve Muhasebe<\/li><li>Personel M\u00fcd\u00fcr\u00fc<\/li><li>\u0130nsan Kaynaklar\u0131<\/li><li>Denetleme ve Disiplin M\u00fcd\u00fcr\u00fc<\/li><li>Operasyon M\u00fcd\u00fcr\u00fc<\/li><li>Lojistik Destek ve Sat\u0131n alma M\u00fcd\u00fcr\u00fc<\/li><li>Proje\u00a0Takip ve Pazarlama\u00a0Uzman\u0131<\/li><\/ul><\/div><\/div><\/div>\t\t\t\t\t\t<\/div>\n\t\t\t\t<\/div>\n\t\t\t\t\t<\/div>\n\t\t\t\t<\/div>\n\t\t<div class=\"elementor-element elementor-element-f7ff24f e-grid e-con-boxed e-con e-parent\" data-id=\"f7ff24f\" data-element_type=\"container\">\n\t\t\t\t\t<div class=\"e-con-inner\">\n\t\t<div class=\"elementor-element elementor-element-2ac04a6 e-flex e-con-boxed e-con e-child\" data-id=\"2ac04a6\" data-element_type=\"container\" data-settings=\"{&quot;background_background&quot;:&quot;gradient&quot;}\">\n\t\t\t\t\t<div class=\"e-con-inner\">\n\t\t\t\t<div class=\"elementor-element elementor-element-51d74a8 elementor-widget elementor-widget-text-editor\" data-id=\"51d74a8\" data-element_type=\"widget\" data-widget_type=\"text-editor.default\">\n\t\t\t\t<div class=\"elementor-widget-container\">\n\t\t\t\t\t\t\t<div class=\"wrap mcb-wrap one-third valign-top clearfix\"><div class=\"mcb-wrap-inner\"><div class=\"column mcb-column one column_visual\">\u00a0<\/div><\/div><\/div><div class=\"wrap mcb-wrap divider valign-top clearfix\"><div class=\"mcb-wrap-inner\"><strong>Fiziki G\u00fcvenlik<\/strong><\/div><\/div><div class=\"wrap mcb-wrap one-third valign-top clearfix\"><div class=\"mcb-wrap-inner\"><div class=\"column mcb-column one column_visual\"><ul><li>Y\u00f6netici<\/li><li>Proje Sorumlular\u0131<\/li><li>G\u00fcvenlik\u00a0M\u00fcd\u00fcr\u00fc<\/li><li>Vardiya Amirleri<\/li><li>Devriye Amirleri<\/li><li>G\u00fcvenlik Personelleri<\/li><\/ul><\/div><\/div><\/div><div class=\"wrap mcb-wrap one-third valign-top clearfix\"><div class=\"mcb-wrap-inner\"><div class=\"column mcb-column one column_visual\">\u00a0<\/div><\/div><\/div><div class=\"wrap mcb-wrap one-third valign-top clearfix\"><div class=\"mcb-wrap-inner\"><div class=\"column mcb-column one column_visual\"><ul><li>\u00a0<\/li><\/ul><\/div><\/div><\/div>\t\t\t\t\t\t<\/div>\n\t\t\t\t<\/div>\n\t\t\t\t\t<\/div>\n\t\t\t\t<\/div>\n\t\t<div class=\"elementor-element elementor-element-d6e3fc4 e-flex e-con-boxed e-con e-child\" data-id=\"d6e3fc4\" data-element_type=\"container\" data-settings=\"{&quot;background_background&quot;:&quot;gradient&quot;}\">\n\t\t\t\t\t<div class=\"e-con-inner\">\n\t\t\t\t<div class=\"elementor-element elementor-element-efac871 elementor-widget elementor-widget-text-editor\" data-id=\"efac871\" data-element_type=\"widget\" data-widget_type=\"text-editor.default\">\n\t\t\t\t<div class=\"elementor-widget-container\">\n\t\t\t\t\t\t\t<div class=\"wrap mcb-wrap one-third valign-top clearfix\"><div class=\"mcb-wrap-inner\">\u00a0<\/div><\/div><div class=\"wrap mcb-wrap one-third valign-top clearfix\"><div class=\"mcb-wrap-inner\"><div class=\"column mcb-column one column_visual\"><p><strong>Elektronik G\u00fcvenlik<\/strong><\/p><\/div><\/div><\/div><div class=\"wrap mcb-wrap one-third valign-top clearfix\"><div class=\"mcb-wrap-inner\"><div class=\"column mcb-column one column_visual\"><ul><li>B\u00f6l\u00fcm Sorumlusu M\u00fchendis<\/li><li>Ke\u015fif Ekibi (Proje ve Raporlama)<\/li><li>Montaj Ekibi<\/li><li>Devreye Alma ve Kontrol M\u00fchendisi<\/li><li>Teknoloji Reklam ve Pazarlama Sorumlusu<\/li><\/ul><\/div><\/div><\/div><div class=\"wrap mcb-wrap one-third valign-top clearfix\"><div class=\"mcb-wrap-inner\"><div class=\"column mcb-column one column_visual\">\u00a0<\/div><\/div><\/div>\t\t\t\t\t\t<\/div>\n\t\t\t\t<\/div>\n\t\t\t\t\t<\/div>\n\t\t\t\t<\/div>\n\t\t<div class=\"elementor-element elementor-element-4f1ef2e e-flex e-con-boxed e-con e-child\" data-id=\"4f1ef2e\" data-element_type=\"container\" data-settings=\"{&quot;background_background&quot;:&quot;gradient&quot;}\">\n\t\t\t\t\t<div class=\"e-con-inner\">\n\t\t\t\t<div class=\"elementor-element elementor-element-8889f2d elementor-widget elementor-widget-text-editor\" data-id=\"8889f2d\" data-element_type=\"widget\" data-widget_type=\"text-editor.default\">\n\t\t\t\t<div class=\"elementor-widget-container\">\n\t\t\t\t\t\t\t<div class=\"wrap mcb-wrap one-third valign-top clearfix\"><div class=\"mcb-wrap-inner\">\u00a0<\/div><\/div><div class=\"wrap mcb-wrap one-third valign-top clearfix\"><div class=\"mcb-wrap-inner\"><div class=\"column mcb-column one column_visual\"><p><strong>G\u00fcvenlik E\u011fitimi<\/strong><\/p><\/div><\/div><\/div><div class=\"wrap mcb-wrap one-third valign-top clearfix\"><div class=\"mcb-wrap-inner\"><div class=\"column mcb-column one column_visual\"><ul><li>Y\u00f6netici<\/li><li>Uzman E\u011fiticiler<\/li><li>Asistan<\/li><li>Pazarlama Sorumlusu<\/li><li>Reklam Sorumlusu<\/li><\/ul><\/div><\/div><\/div>\t\t\t\t\t\t<\/div>\n\t\t\t\t<\/div>\n\t\t\t\t\t<\/div>\n\t\t\t\t<\/div>\n\t\t\t\t\t<\/div>\n\t\t\t\t<\/div>\n\t\t<div class=\"elementor-element elementor-element-7d68fc1 e-flex e-con-boxed e-con e-parent\" data-id=\"7d68fc1\" data-element_type=\"container\">\n\t\t\t\t\t<div class=\"e-con-inner\">\n\t\t\t\t\t<\/div>\n\t\t\t\t<\/div>\n\t\t\t\t<\/div>","protected":false},"excerpt":{"rendered":"<p>Ekibimiz Genel Merkez Genel M\u00fcd\u00fcr Y\u00f6netim Temsilcisi Hukuk M\u00fc\u015faviri Mali M\u00fc\u015favir ve Muhasebe Personel M\u00fcd\u00fcr\u00fc \u0130nsan Kaynaklar\u0131 Denetleme ve Disiplin M\u00fcd\u00fcr\u00fc Operasyon M\u00fcd\u00fcr\u00fc Lojistik Destek ve Sat\u0131n alma M\u00fcd\u00fcr\u00fc Proje\u00a0Takip ve Pazarlama\u00a0Uzman\u0131 \u00a0Fiziki G\u00fcvenlik Y\u00f6netici Proje Sorumlular\u0131 G\u00fcvenlik\u00a0M\u00fcd\u00fcr\u00fc Vardiya Amirleri Devriye Amirleri G\u00fcvenlik Personelleri \u00a0 \u00a0 \u00a0 Elektronik G\u00fcvenlik B\u00f6l\u00fcm Sorumlusu M\u00fchendis Ke\u015fif Ekibi (Proje [&hellip;]<\/p>","protected":false},"author":1,"featured_media":0,"parent":1525,"menu_order":0,"comment_status":"closed","ping_status":"closed","template":"","meta":{"footnotes":""},"class_list":["post-3248","page","type-page","status-publish","hentry"],"_links":{"self":[{"href":"https:\/\/www.catguvenlik.com\/en\/wp-json\/wp\/v2\/pages\/3248","targetHints":{"allow":["GET"]}}],"collection":[{"href":"https:\/\/www.catguvenlik.com\/en\/wp-json\/wp\/v2\/pages"}],"about":[{"href":"https:\/\/www.catguvenlik.com\/en\/wp-json\/wp\/v2\/types\/page"}],"author":[{"embeddable":true,"href":"https:\/\/www.catguvenlik.com\/en\/wp-json\/wp\/v2\/users\/1"}],"replies":[{"embeddable":true,"href":"https:\/\/www.catguvenlik.com\/en\/wp-json\/wp\/v2\/comments?post=3248"}],"version-history":[{"count":19,"href":"https:\/\/www.catguvenlik.com\/en\/wp-json\/wp\/v2\/pages\/3248\/revisions"}],"predecessor-version":[{"id":3267,"href":"https:\/\/www.catguvenlik.com\/en\/wp-json\/wp\/v2\/pages\/3248\/revisions\/3267"}],"up":[{"embeddable":true,"href":"https:\/\/www.catguvenlik.com\/en\/wp-json\/wp\/v2\/pages\/1525"}],"wp:attachment":[{"href":"https:\/\/www.catguvenlik.com\/en\/wp-json\/wp\/v2\/media?parent=3248"}],"curies":[{"name":"wp","href":"https:\/\/api.w.org\/{rel}","templated":true}]}}