{"id":3006,"date":"2024-12-10T01:16:47","date_gmt":"2024-12-09T22:16:47","guid":{"rendered":"http:\/\/localhost\/cat\/?page_id=3006"},"modified":"2024-12-10T01:37:01","modified_gmt":"2024-12-09T22:37:01","slug":"vizyonumuz","status":"publish","type":"page","link":"https:\/\/www.catguvenlik.com\/en\/kurumsal\/vizyonumuz\/","title":{"rendered":"Vizyonumuz"},"content":{"rendered":"<p><strong>V\u0130ZYONUMUZ<\/strong><\/p>\n<p>Her Zaman<strong>\u00a0\u00a0\u00a0\u00a0\u00a0<\/strong><\/p>\n<p><strong><span class=\"red\">C<\/span>ESUR<br \/>\n<span class=\"red\">A<\/span>TAK<br \/>\n<span class=\"red\">T<\/span><strong>ET\u0130KTE\u00a0\u00a0<\/strong>olarak<\/strong><\/p>\n<p>\u201c\u00d6ZEL G\u00dcVENL\u0130K SEKT\u00d6R\u00dcN\u00dcN HER ALANINDA PROFESYONEL D\u00dc\u015e\u00dcNCEY\u0130 TAM OLARAK UYGULAMAKTIR..\u201d<\/p>\n<p><strong><span class=\"red\">C A T\u00a0\u00a0<\/span><\/strong>\u00a0G\u00dcVENL\u0130K H\u0130ZMETLER\u0130\u00a0 OLARAK \u00d6NCEL\u0130KLER\u0130M\u0130Z<\/p>\n<ul>\n<li>G\u00fcvenlik ve G\u00f6zetim Hizmeti verdi\u011fimiz ki\u015fi kurum ve kurulu\u015flar\u0131n ihtiya\u00e7lar\u0131 yasalar\u0131n ve y\u00f6netmeli\u011fin \u00f6n g\u00f6rd\u00fc\u011f\u00fc \u015fekilde ilgi alanlar\u0131na l\u00fczumu kadar n\u00fcfuz ederek her zaman\u00a0<span class=\"red\">C<\/span>ESUR\u00a0,\u00a0<span class=\"red\">A<\/span>TAK\u00a0\u00a0ve\u00a0<span class=\"red\">T<\/span>ET\u0130K\u2019TE\u00a0 olmak.<\/li>\n<li>Kar\u015f\u0131l\u0131kl\u0131 g\u00fcvene dayanan d\u00fcr\u00fcst ve samimi ili\u015fkiler ile s\u0131k\u0131 bir koordinasyon sa\u011flamak.<\/li>\n<li>Teknolojik geli\u015fmeleri yak\u0131ndan takip ederek uygulamak.<\/li>\n<li>\u00c7al\u0131\u015fanlar\u0131n her a\u015famada motivasyonunu y\u00fckseltmek, mutluluk ve refah\u0131n\u0131 sa\u011flamak.<\/li>\n<li>Kurumsal kimli\u011fi ile sekt\u00f6rde\u00a0<span class=\"red\">\u00d6RNEK\u00a0<\/span>bir kurulu\u015f olmakt\u0131r.<\/li>\n<\/ul>","protected":false},"excerpt":{"rendered":"<p>V\u0130ZYONUMUZ Her Zaman\u00a0\u00a0\u00a0\u00a0\u00a0 CESUR ATAK TET\u0130KTE\u00a0\u00a0olarak \u201c\u00d6ZEL G\u00dcVENL\u0130K SEKT\u00d6R\u00dcN\u00dcN HER ALANINDA PROFESYONEL D\u00dc\u015e\u00dcNCEY\u0130 TAM OLARAK UYGULAMAKTIR..\u201d C A T\u00a0\u00a0\u00a0G\u00dcVENL\u0130K H\u0130ZMETLER\u0130\u00a0 OLARAK \u00d6NCEL\u0130KLER\u0130M\u0130Z G\u00fcvenlik ve G\u00f6zetim Hizmeti verdi\u011fimiz ki\u015fi kurum ve kurulu\u015flar\u0131n ihtiya\u00e7lar\u0131 yasalar\u0131n ve y\u00f6netmeli\u011fin \u00f6n g\u00f6rd\u00fc\u011f\u00fc \u015fekilde ilgi alanlar\u0131na l\u00fczumu kadar n\u00fcfuz ederek her zaman\u00a0CESUR\u00a0,\u00a0ATAK\u00a0\u00a0ve\u00a0TET\u0130K\u2019TE\u00a0 olmak. Kar\u015f\u0131l\u0131kl\u0131 g\u00fcvene dayanan d\u00fcr\u00fcst ve samimi ili\u015fkiler ile [&hellip;]<\/p>","protected":false},"author":1,"featured_media":0,"parent":1525,"menu_order":0,"comment_status":"closed","ping_status":"closed","template":"","meta":{"footnotes":""},"class_list":["post-3006","page","type-page","status-publish","hentry"],"_links":{"self":[{"href":"https:\/\/www.catguvenlik.com\/en\/wp-json\/wp\/v2\/pages\/3006","targetHints":{"allow":["GET"]}}],"collection":[{"href":"https:\/\/www.catguvenlik.com\/en\/wp-json\/wp\/v2\/pages"}],"about":[{"href":"https:\/\/www.catguvenlik.com\/en\/wp-json\/wp\/v2\/types\/page"}],"author":[{"embeddable":true,"href":"https:\/\/www.catguvenlik.com\/en\/wp-json\/wp\/v2\/users\/1"}],"replies":[{"embeddable":true,"href":"https:\/\/www.catguvenlik.com\/en\/wp-json\/wp\/v2\/comments?post=3006"}],"version-history":[{"count":8,"href":"https:\/\/www.catguvenlik.com\/en\/wp-json\/wp\/v2\/pages\/3006\/revisions"}],"predecessor-version":[{"id":3025,"href":"https:\/\/www.catguvenlik.com\/en\/wp-json\/wp\/v2\/pages\/3006\/revisions\/3025"}],"up":[{"embeddable":true,"href":"https:\/\/www.catguvenlik.com\/en\/wp-json\/wp\/v2\/pages\/1525"}],"wp:attachment":[{"href":"https:\/\/www.catguvenlik.com\/en\/wp-json\/wp\/v2\/media?parent=3006"}],"curies":[{"name":"wp","href":"https:\/\/api.w.org\/{rel}","templated":true}]}}