{"id":3001,"date":"2024-12-10T00:51:16","date_gmt":"2024-12-09T21:51:16","guid":{"rendered":"http:\/\/localhost\/cat\/?page_id=3001"},"modified":"2024-12-10T01:36:37","modified_gmt":"2024-12-09T22:36:37","slug":"misyonumuz","status":"publish","type":"page","link":"https:\/\/www.catguvenlik.com\/en\/kurumsal\/misyonumuz\/","title":{"rendered":"Misyonumuz"},"content":{"rendered":"<p><strong>M\u0130SYONUMUZ<\/strong><\/p>\n<p>G\u00fcvenlik ve g\u00f6zetim hizmeti verilen m\u00fc\u015fterilerin istekleri do\u011frultusunda yasalara ve y\u00f6netmeli\u011fe uygun olarak<\/p>\n<p><strong><span class=\"red\">\u00d6ng\u00f6r\u00fcl\u00fc\u00a0\u00a0\u00a0\u00a0\u00a0 \u201d\u00a0<\/span><\/strong><strong>G\u00f6z olan\u0131 ak\u0131l olaca\u011f\u0131 g\u00f6r\u00fcr\u00a0\u201d\u00a0\u00a0\u00a0<\/strong>ilkesiyle<\/p>\n<p><strong><span class=\"red\">Planl\u0131\u00a0 \u00a0 \u00a0 \u00a0 \u00a0 \u00a0 \u00a0 \u201d <\/span><\/strong><strong>Esnek ve Uygulanabilirlik\u00a0\u201d\u00a0\u00a0\u00a0\u00a0\u00a0\u00a0<\/strong>ilkesiyle<\/p>\n<p><strong><span class=\"red\">Cayd\u0131r\u0131c\u0131\u00a0\u00a0\u00a0\u00a0\u00a0\u00a0\u00a0\u201d<\/span><\/strong>\u00a0<strong>Cesur, Atak ve Tetikte\u00a0<\/strong><strong>\u201d<\/strong>\u00a0\u00a0\u00a0\u00a0\u00a0\u00a0\u00a0\u00a0\u00a0\u00a0\u00a0\u00a0 ilkesiyle<\/p>\n<p><strong><span class=\"red\">Koruyucu\u00a0\u00a0\u00a0\u00a0<\/span><\/strong>\u00a0<strong>\u201d\u00a0<\/strong><strong>\u015e\u00fcphe akl\u0131n yar\u0131s\u0131d\u0131r\u00a0\u201d\u00a0\u00a0\u00a0\u00a0\u00a0\u00a0\u00a0\u00a0\u00a0\u00a0\u00a0\u00a0\u00a0\u00a0\u00a0<\/strong>ilkesiyle<\/p>\n<p>\u0130leri teknolojiden azami istifade eden e\u011fitimli ve tecr\u00fcbeli personeli ile g\u00fc\u00e7l\u00fc ve profesyonel G\u00fcvenlik Hizmeti sa\u011flamakt\u0131r.<\/p>\n<ul>\n<li>G\u00d6REV VE SORUMLULUKLARIN YER\u0130NE GET\u0130R\u0130LMES\u0130NDE HER ZAMAN\u00a0 \u00a0 \u00a0 \u00a0 \u00a0 \u00a0 \u00a0 \u00a0 \u00a0 <strong><span class=\"red\">C<\/span>ESUR<\/strong><\/li>\n<li>OLAYLAR KAR\u015eISINDA DA\u0130MA\u00a0 \u00a0 \u00a0 \u00a0 \u00a0 \u00a0 \u00a0 \u00a0 \u00a0 \u00a0 \u00a0 \u00a0 \u00a0 \u00a0 \u00a0 \u00a0 \u00a0 \u00a0 \u00a0 \u00a0 \u00a0 \u00a0 \u00a0 \u00a0 \u00a0 \u00a0 \u00a0 \u00a0 \u00a0 \u00a0 \u00a0 \u00a0 \u00a0 \u00a0 \u00a0 \u00a0 \u00a0 \u00a0 \u00a0 \u00a0 \u00a0 \u00a0 \u00a0 \u00a0 \u00a0 \u00a0<strong><span class=\"red\">A<\/span>TAK<\/strong><\/li>\n<li>OLA\u011eAN \u015e\u00dcPHELER \u0130\u00c7\u0130N\u00a0\u00a0\u00a0\u00a0\u00a0\u00a0\u00a0\u00a0\u00a0\u00a0\u00a0\u00a0\u00a0\u00a0\u00a0\u00a0\u00a0\u00a0\u00a0\u00a0\u00a0\u00a0\u00a0\u00a0\u00a0\u00a0\u00a0\u00a0\u00a0\u00a0\u00a0\u00a0\u00a0\u00a0\u00a0\u00a0\u00a0\u00a0\u00a0\u00a0\u00a0\u00a0\u00a0\u00a0\u00a0\u00a0\u00a0\u00a0\u00a0\u00a0\u00a0\u00a0\u00a0\u00a0\u00a0\u00a0\u00a0\u00a0\u00a0\u00a0\u00a0\u00a0\u00a0\u00a0\u00a0\u00a0\u00a0\u00a0\u00a0\u00a0\u00a0\u00a0\u00a0\u00a0\u00a0\u00a0\u00a0\u00a0\u00a0\u00a0\u00a0\u00a0\u00a0\u00a0\u00a0\u00a0\u00a0\u00a0\u00a0\u00a0\u00a0\u00a0\u00a0\u00a0\u00a0\u00a0\u00a0\u00a0\u00a0\u00a0<strong><span class=\"red\">T<\/span>ET\u0130KTE<\/strong>\u00a0\u00a0\u00a0\u00a0 Olmakt\u0131r \u2026.<\/li>\n<\/ul>","protected":false},"excerpt":{"rendered":"<p>M\u0130SYONUMUZ G\u00fcvenlik ve g\u00f6zetim hizmeti verilen m\u00fc\u015fterilerin istekleri do\u011frultusunda yasalara ve y\u00f6netmeli\u011fe uygun olarak \u00d6ng\u00f6r\u00fcl\u00fc\u00a0\u00a0\u00a0\u00a0\u00a0 \u201d\u00a0G\u00f6z olan\u0131 ak\u0131l olaca\u011f\u0131 g\u00f6r\u00fcr\u00a0\u201d\u00a0\u00a0\u00a0ilkesiyle Planl\u0131\u00a0 \u00a0 \u00a0 \u00a0 \u00a0 \u00a0 \u00a0 \u201d Esnek ve Uygulanabilirlik\u00a0\u201d\u00a0\u00a0\u00a0\u00a0\u00a0\u00a0ilkesiyle Cayd\u0131r\u0131c\u0131\u00a0\u00a0\u00a0\u00a0\u00a0\u00a0\u00a0\u201d\u00a0Cesur, Atak ve Tetikte\u00a0\u201d\u00a0\u00a0\u00a0\u00a0\u00a0\u00a0\u00a0\u00a0\u00a0\u00a0\u00a0\u00a0 ilkesiyle Koruyucu\u00a0\u00a0\u00a0\u00a0\u00a0\u201d\u00a0\u015e\u00fcphe akl\u0131n yar\u0131s\u0131d\u0131r\u00a0\u201d\u00a0\u00a0\u00a0\u00a0\u00a0\u00a0\u00a0\u00a0\u00a0\u00a0\u00a0\u00a0\u00a0\u00a0\u00a0ilkesiyle \u0130leri teknolojiden azami istifade eden e\u011fitimli ve tecr\u00fcbeli personeli ile g\u00fc\u00e7l\u00fc ve profesyonel G\u00fcvenlik Hizmeti sa\u011flamakt\u0131r. [&hellip;]<\/p>","protected":false},"author":1,"featured_media":0,"parent":1525,"menu_order":0,"comment_status":"closed","ping_status":"closed","template":"","meta":{"footnotes":""},"class_list":["post-3001","page","type-page","status-publish","hentry"],"_links":{"self":[{"href":"https:\/\/www.catguvenlik.com\/en\/wp-json\/wp\/v2\/pages\/3001","targetHints":{"allow":["GET"]}}],"collection":[{"href":"https:\/\/www.catguvenlik.com\/en\/wp-json\/wp\/v2\/pages"}],"about":[{"href":"https:\/\/www.catguvenlik.com\/en\/wp-json\/wp\/v2\/types\/page"}],"author":[{"embeddable":true,"href":"https:\/\/www.catguvenlik.com\/en\/wp-json\/wp\/v2\/users\/1"}],"replies":[{"embeddable":true,"href":"https:\/\/www.catguvenlik.com\/en\/wp-json\/wp\/v2\/comments?post=3001"}],"version-history":[{"count":6,"href":"https:\/\/www.catguvenlik.com\/en\/wp-json\/wp\/v2\/pages\/3001\/revisions"}],"predecessor-version":[{"id":3027,"href":"https:\/\/www.catguvenlik.com\/en\/wp-json\/wp\/v2\/pages\/3001\/revisions\/3027"}],"up":[{"embeddable":true,"href":"https:\/\/www.catguvenlik.com\/en\/wp-json\/wp\/v2\/pages\/1525"}],"wp:attachment":[{"href":"https:\/\/www.catguvenlik.com\/en\/wp-json\/wp\/v2\/media?parent=3001"}],"curies":[{"name":"wp","href":"https:\/\/api.w.org\/{rel}","templated":true}]}}