{"id":1056,"date":"2023-02-06T04:51:26","date_gmt":"2023-02-06T04:51:26","guid":{"rendered":"http:\/\/finestwp.com\/biztech\/?page_id=1056"},"modified":"2024-12-12T15:18:02","modified_gmt":"2024-12-12T12:18:02","slug":"hizmetlerimiz","status":"publish","type":"page","link":"https:\/\/www.catguvenlik.com\/en\/hizmetlerimiz\/","title":{"rendered":"Services"},"content":{"rendered":"<div data-elementor-type=\"wp-page\" data-elementor-id=\"1056\" class=\"elementor elementor-1056\">\n\t\t\t\t\t\t<section class=\"elementor-section elementor-top-section elementor-element elementor-element-7858868 elementor-section-full_width elementor-section-height-default elementor-section-height-default\" data-id=\"7858868\" data-element_type=\"section\" data-settings=\"{&quot;background_background&quot;:&quot;classic&quot;}\">\n\t\t\t\t\t\t\t<div class=\"elementor-background-overlay\"><\/div>\n\t\t\t\t\t\t\t<div class=\"elementor-container elementor-column-gap-no\">\n\t\t\t\t\t<div class=\"elementor-column elementor-col-100 elementor-top-column elementor-element elementor-element-33c2b94\" data-id=\"33c2b94\" data-element_type=\"column\">\n\t\t\t<div class=\"elementor-widget-wrap elementor-element-populated\">\n\t\t\t\t\t\t<section class=\"elementor-section elementor-inner-section elementor-element elementor-element-6125f65 elementor-section-full_width elementor-section-height-default elementor-section-height-default\" data-id=\"6125f65\" data-element_type=\"section\">\n\t\t\t\t\t\t<div class=\"elementor-container elementor-column-gap-no\">\n\t\t\t\t\t<div class=\"elementor-column elementor-col-100 elementor-inner-column elementor-element elementor-element-b283e3c\" data-id=\"b283e3c\" data-element_type=\"column\">\n\t\t\t<div class=\"elementor-widget-wrap elementor-element-populated\">\n\t\t\t\t\t\t<section class=\"elementor-section elementor-inner-section elementor-element elementor-element-68a1b37 elementor-section-boxed elementor-section-height-default elementor-section-height-default\" data-id=\"68a1b37\" data-element_type=\"section\" data-settings=\"{&quot;background_background&quot;:&quot;classic&quot;}\">\n\t\t\t\t\t\t\t<div class=\"elementor-background-overlay\"><\/div>\n\t\t\t\t\t\t\t<div class=\"elementor-container elementor-column-gap-default\">\n\t\t\t\t\t<div class=\"elementor-column elementor-col-100 elementor-inner-column elementor-element elementor-element-d9b86e0\" data-id=\"d9b86e0\" data-element_type=\"column\">\n\t\t\t<div class=\"elementor-widget-wrap elementor-element-populated\">\n\t\t\t\t\t\t<section class=\"elementor-section elementor-inner-section elementor-element elementor-element-c1302a1 elementor-section-boxed elementor-section-height-default elementor-section-height-default\" data-id=\"c1302a1\" data-element_type=\"section\" data-settings=\"{&quot;background_background&quot;:&quot;classic&quot;}\">\n\t\t\t\t\t\t\t<div class=\"elementor-background-overlay\"><\/div>\n\t\t\t\t\t\t\t<div class=\"elementor-container elementor-column-gap-default\">\n\t\t\t\t\t<div class=\"elementor-column elementor-col-100 elementor-inner-column elementor-element elementor-element-cb1acd2\" data-id=\"cb1acd2\" data-element_type=\"column\">\n\t\t\t<div class=\"elementor-widget-wrap elementor-element-populated\">\n\t\t\t\t\t\t<div class=\"elementor-element elementor-element-fb022fe elementor-widget elementor-widget-heading\" data-id=\"fb022fe\" data-element_type=\"widget\" data-widget_type=\"heading.default\">\n\t\t\t\t<div class=\"elementor-widget-container\">\n\t\t\t<style>\/*! elementor - v3.23.0 - 05-08-2024 *\/\n.elementor-heading-title{padding:0;margin:0;line-height:1}.elementor-widget-heading .elementor-heading-title[class*=elementor-size-]>a{color:inherit;font-size:inherit;line-height:inherit}.elementor-widget-heading .elementor-heading-title.elementor-size-small{font-size:15px}.elementor-widget-heading .elementor-heading-title.elementor-size-medium{font-size:19px}.elementor-widget-heading .elementor-heading-title.elementor-size-large{font-size:29px}.elementor-widget-heading .elementor-heading-title.elementor-size-xl{font-size:39px}.elementor-widget-heading .elementor-heading-title.elementor-size-xxl{font-size:59px}<\/style><span class=\"elementor-heading-title elementor-size-default\">G\u00fcvenlik Hizmetlerinde<\/span>\t\t<\/div>\n\t\t\t\t<\/div>\n\t\t\t\t<div class=\"elementor-element elementor-element-431700e elementor-widget elementor-widget-heading\" data-id=\"431700e\" data-element_type=\"widget\" data-widget_type=\"heading.default\">\n\t\t\t\t<div class=\"elementor-widget-container\">\n\t\t\t<h2 class=\"elementor-heading-title elementor-size-default\">Your Professional Solution Partner<\/h2>\t\t<\/div>\n\t\t\t\t<\/div>\n\t\t\t\t\t<\/div>\n\t\t<\/div>\n\t\t\t\t\t<\/div>\n\t\t<\/section>\n\t\t\t\t<div class=\"elementor-element elementor-element-5b2c342 elementor-widget elementor-widget-biztech_service_block2\" data-id=\"5b2c342\" data-element_type=\"widget\" data-widget_type=\"biztech_service_block2.default\">\n\t\t\t\t<div class=\"elementor-widget-container\">\n\t\t\t\t\t\n\t\t\n\t\t<section class=\"feature-style-three p_relative centred pdoff\">\n            <div class=\"auto-container\">\n                <div class=\"row clearfix\">\n\t\t\t\t\n\t\t\t\t\t\t\t\t\t\n                    <div class=\"col-lg-4 col-md-6 col-sm-12 feature-block\">\n                        <div class=\"feature-block-three wow fadeInUp animated\" data-wow-delay=\"00ms\" data-wow-duration=\"1500ms\">\n                            <div class=\"inner-box\">\n\t\t\t\t\t\t\t\n\t\t\t\t\t\t\t\t                                <div class=\"block-shape\" style=\"background-image: url(https:\/\/www.catguvenlik.com\/wp-content\/uploads\/2023\/02\/shape-32.png);\">\n\t\t\t\t\t\t\t\t\t\t\t\t\t\t\t\t<\/div>\n\t\t\t\t\t\t\t\t\n                                <div class=\"icon-box\"><i class=\"fas fa-user-secret\"><\/i><\/div>\n                                <h3><a href=\"https:\/\/www.catguvenlik.com\/en\/hizmetlerimiz\/\">Fiziki G\u00fcvenlik<\/a><\/h3>\n                                <p>5188 Say\u0131l\u0131 kanun \u00e7er\u00e7evesinde hizmet veren \u015firketimiz t\u00fcm alanlarda yine kanunun \u00f6ng\u00f6rd\u00fc\u011f\u00fc \u015fekilde fiziki g\u00fcvenlik hizmeti sa\u011flamaktad\u0131r.<\/p>\n                            <\/div>\n                        <\/div>\n                    <\/div>\n\t\t\t\t\t\n\t\t\t\t\t\t\t\t\t\n                    <div class=\"col-lg-4 col-md-6 col-sm-12 feature-block\">\n                        <div class=\"feature-block-three wow fadeInUp animated\" data-wow-delay=\"00ms\" data-wow-duration=\"1500ms\">\n                            <div class=\"inner-box\">\n\t\t\t\t\t\t\t\n\t\t\t\t\t\t\t\t\t\t\t\t\t\t\t\t<div class=\"noimage\">\n\t\t\t\t\t\t\t\t\t\t\t\t\t\t\t\t<\/div>\n\t\t\t\t\t\t\t\t\n                                <div class=\"icon-box\"><i class=\"far fa-question-circle\"><\/i><\/div>\n                                <h3><a href=\"https:\/\/www.catguvenlik.com\/en\/hizmetlerimiz\/\">G\u00fcvenlik Dan\u0131\u015fmanl\u0131\u011f\u0131<\/a><\/h3>\n                                <p>\u015eirketimiz g\u00fcvenlik risklerinin minimuma d\u00fc\u015f\u00fcr\u00fclmesi ve tecr\u00fcbeye dayanan \u00d6zel G\u00fcvenlik uzmanlar\u0131n rapor ve tavsiyeleri ile mod\u00fcler ve entegre \u00e7\u00f6z\u00fcmler \u00fcretir.<\/p>\n                            <\/div>\n                        <\/div>\n                    <\/div>\n\t\t\t\t\t\n\t\t\t\t\t\t\t\t\t\n                    <div class=\"col-lg-4 col-md-6 col-sm-12 feature-block\">\n                        <div class=\"feature-block-three wow fadeInUp animated\" data-wow-delay=\"00ms\" data-wow-duration=\"1500ms\">\n                            <div class=\"inner-box\">\n\t\t\t\t\t\t\t\n\t\t\t\t\t\t\t\t                                <div class=\"block-shape\" style=\"background-image: url(https:\/\/www.catguvenlik.com\/wp-content\/uploads\/2023\/02\/shape-33.png);\">\n\t\t\t\t\t\t\t\t\t\t\t\t\t\t\t\t<\/div>\n\t\t\t\t\t\t\t\t\n                                <div class=\"icon-box\"><i class=\"fas fa-video\"><\/i><\/div>\n                                <h3><a href=\"https:\/\/www.catguvenlik.com\/en\/hizmetlerimiz\/\">Elektronik G\u00fcvenlik<\/a><\/h3>\n                                <p>CAT G\u00fcvenlik Hizmetleri Ltd. \u015eti. olarak g\u00f6revimiz; teknolojinin getirdi\u011fi en son g\u00fcvenlik \u00fcr\u00fcnlerini size en y\u00fcksek kalitede sunmakt\u0131r.<\/p>\n                            <\/div>\n                        <\/div>\n                    <\/div>\n\t\t\t\t\t\n\t\t\t\t\t\t\t\t\t\t\n                <\/div>\n            <\/div>\n        <\/section>\n\t\t\n\n             \n\t\t\t\t<\/div>\n\t\t\t\t<\/div>\n\t\t\t\t\t<\/div>\n\t\t<\/div>\n\t\t\t\t\t<\/div>\n\t\t<\/section>\n\t\t\t\t\t<\/div>\n\t\t<\/div>\n\t\t\t\t\t<\/div>\n\t\t<\/section>\n\t\t\t\t\t<\/div>\n\t\t<\/div>\n\t\t\t\t\t<\/div>\n\t\t<\/section>\n\t\t\t\t<section class=\"elementor-section elementor-top-section elementor-element elementor-element-cdb7cab elementor-section-full_width elementor-section-height-default elementor-section-height-default\" data-id=\"cdb7cab\" data-element_type=\"section\">\n\t\t\t\t\t\t<div class=\"elementor-container elementor-column-gap-default\">\n\t\t\t\t\t<div class=\"elementor-column elementor-col-100 elementor-top-column elementor-element elementor-element-2b3d1bf\" data-id=\"2b3d1bf\" data-element_type=\"column\">\n\t\t\t<div class=\"elementor-widget-wrap elementor-element-populated\">\n\t\t\t\t\t\t<section class=\"elementor-section elementor-inner-section elementor-element elementor-element-8871afb elementor-section-boxed elementor-section-height-default elementor-section-height-default\" data-id=\"8871afb\" data-element_type=\"section\" data-settings=\"{&quot;background_background&quot;:&quot;classic&quot;}\">\n\t\t\t\t\t\t\t<div class=\"elementor-background-overlay\"><\/div>\n\t\t\t\t\t\t\t<div class=\"elementor-container elementor-column-gap-default\">\n\t\t\t\t\t<div class=\"elementor-column elementor-col-100 elementor-inner-column elementor-element elementor-element-2ea5e87\" data-id=\"2ea5e87\" data-element_type=\"column\">\n\t\t\t<div class=\"elementor-widget-wrap elementor-element-populated\">\n\t\t\t\t\t\t<div class=\"elementor-element elementor-element-b050562 elementor-widget elementor-widget-heading\" data-id=\"b050562\" data-element_type=\"widget\" data-widget_type=\"heading.default\">\n\t\t\t\t<div class=\"elementor-widget-container\">\n\t\t\t<span class=\"elementor-heading-title elementor-size-default\">Nas\u0131l Hizmet Alabilirsiniz?<\/span>\t\t<\/div>\n\t\t\t\t<\/div>\n\t\t\t\t<div class=\"elementor-element elementor-element-305f475 elementor-widget elementor-widget-heading\" data-id=\"305f475\" data-element_type=\"widget\" data-widget_type=\"heading.default\">\n\t\t\t\t<div class=\"elementor-widget-container\">\n\t\t\t<h2 class=\"elementor-heading-title elementor-size-default\">Hizmet S\u00fcrecimiz<\/h2>\t\t<\/div>\n\t\t\t\t<\/div>\n\t\t\t\t<section class=\"elementor-section elementor-inner-section elementor-element elementor-element-5c7f13b elementor-section-full_width elementor-section-height-default elementor-section-height-default\" data-id=\"5c7f13b\" data-element_type=\"section\">\n\t\t\t\t\t\t<div class=\"elementor-container elementor-column-gap-default\">\n\t\t\t\t\t<div class=\"elementor-column elementor-col-33 elementor-inner-column elementor-element elementor-element-3f240ca\" data-id=\"3f240ca\" data-element_type=\"column\">\n\t\t\t<div class=\"elementor-widget-wrap elementor-element-populated\">\n\t\t\t\t\t\t<div class=\"elementor-element elementor-element-2268ec8 elementor-widget elementor-widget-biztech_working_block\" data-id=\"2268ec8\" data-element_type=\"widget\" data-widget_type=\"biztech_working_block.default\">\n\t\t\t\t<div class=\"elementor-widget-container\">\n\t\t\t\n        \n\t\t\t\t\n\t\t\n        <section class=\"working-process-section alternat-2 centred\">\n            <div class=\"auto-container\">\n                <div class=\"inner-container\">\n                    <div class=\"working-block-one\">\n                        <div class=\"inner-box\">\n\t\t\t\t\t\t\t                            <div class=\"shape\" style=\"background-image: url(https:\/\/www.catguvenlik.com\/wp-content\/uploads\/2023\/02\/shape-24.png);\">\n\t\t\t\t\t\t\t\t\t\t\t\t\t\t<\/div>\n                            <div class=\"count-text\">\n                                <h3>Tan\u0131\u015fma <span>A\u015famas\u0131<\/span><\/h3>\n                            <\/div>\n                            <div class=\"text\">\n                                <div class=\"inner\">\n                                    <h3>\u00d6n G\u00f6r\u00fc\u015fme<\/h3>\n                                    <p>G\u00fcvenli\u011fi sa\u011flanacak alanlar i\u00e7in \u00f6n g\u00f6r\u00fc\u015fme yap\u0131larak analiz ve planlama yap\u0131l\u0131r.<\/p>\n                                <\/div>\n                            <\/div>\n                        <\/div>\n                    <\/div>\n                <\/div>\n            <\/div>\n        <\/section>\n\n\t\t             \n\t\t\t\t<\/div>\n\t\t\t\t<\/div>\n\t\t\t\t\t<\/div>\n\t\t<\/div>\n\t\t\t\t<div class=\"elementor-column elementor-col-33 elementor-inner-column elementor-element elementor-element-fd4e7dc\" data-id=\"fd4e7dc\" data-element_type=\"column\">\n\t\t\t<div class=\"elementor-widget-wrap elementor-element-populated\">\n\t\t\t\t\t\t<div class=\"elementor-element elementor-element-07e39bb elementor-widget elementor-widget-biztech_working_block\" data-id=\"07e39bb\" data-element_type=\"widget\" data-widget_type=\"biztech_working_block.default\">\n\t\t\t\t<div class=\"elementor-widget-container\">\n\t\t\t\n        \n\t\t\t\t\n\t\t\n        <section class=\"working-process-section alternat-2 centred\">\n            <div class=\"auto-container\">\n                <div class=\"inner-container\">\n                    <div class=\"working-block-one\">\n                        <div class=\"inner-box\">\n\t\t\t\t\t\t\t                            <div class=\"shape\" style=\"background-image: url(https:\/\/www.catguvenlik.com\/wp-content\/uploads\/2023\/02\/shape-24.png);\">\n\t\t\t\t\t\t\t\t\t\t\t\t\t\t<\/div>\n                            <div class=\"count-text\">\n                                <h3>Teklif <span>A\u015famas\u0131<\/span><\/h3>\n                            <\/div>\n                            <div class=\"text\">\n                                <div class=\"inner\">\n                                    <h3>Planlama ve Teklif<\/h3>\n                                    <p>G\u00fcvenli\u011fi sa\u011flanacak alanlar i\u00e7in yap\u0131lan analiz ve planlama sonunda en uygun teklif verilir.<\/p>\n                                <\/div>\n                            <\/div>\n                        <\/div>\n                    <\/div>\n                <\/div>\n            <\/div>\n        <\/section>\n\n\t\t             \n\t\t\t\t<\/div>\n\t\t\t\t<\/div>\n\t\t\t\t\t<\/div>\n\t\t<\/div>\n\t\t\t\t<div class=\"elementor-column elementor-col-33 elementor-inner-column elementor-element elementor-element-0f1a97e\" data-id=\"0f1a97e\" data-element_type=\"column\">\n\t\t\t<div class=\"elementor-widget-wrap elementor-element-populated\">\n\t\t\t\t\t\t<div class=\"elementor-element elementor-element-19587a2 elementor-widget elementor-widget-biztech_working_block\" data-id=\"19587a2\" data-element_type=\"widget\" data-widget_type=\"biztech_working_block.default\">\n\t\t\t\t<div class=\"elementor-widget-container\">\n\t\t\t\n        \n\t\t\t\t\n\t\t\n        <section class=\"working-process-section alternat-2 centred\">\n            <div class=\"auto-container\">\n                <div class=\"inner-container\">\n                    <div class=\"working-block-one\">\n                        <div class=\"inner-box\">\n\t\t\t\t\t\t\t\t\n\t\t\t\t\t\t\t<div class=\"shape\">\n\t\t\t\t\t\t\t\t\t\t\t\t\t\t<\/div>\n                            <div class=\"count-text\">\n                                <h3>Hizmet <span>A\u015famas\u0131<\/span><\/h3>\n                            <\/div>\n                            <div class=\"text\">\n                                <div class=\"inner\">\n                                    <h3>Hizmete Ba\u015flama<\/h3>\n                                    <p>Teklif ve s\u00f6zle\u015fmelerin tamamlanmas\u0131n\u0131n ard\u0131ndan t\u00fcm personel ve techizatla hizmet vermeye ba\u015flan\u0131r. <\/p>\n                                <\/div>\n                            <\/div>\n                        <\/div>\n                    <\/div>\n                <\/div>\n            <\/div>\n        <\/section>\n\n\t\t             \n\t\t\t\t<\/div>\n\t\t\t\t<\/div>\n\t\t\t\t\t<\/div>\n\t\t<\/div>\n\t\t\t\t\t<\/div>\n\t\t<\/section>\n\t\t\t\t\t<\/div>\n\t\t<\/div>\n\t\t\t\t\t<\/div>\n\t\t<\/section>\n\t\t\t\t\t<\/div>\n\t\t<\/div>\n\t\t\t\t\t<\/div>\n\t\t<\/section>\n\t\t\t\t<\/div>","protected":false},"excerpt":{"rendered":"<p>G\u00fcvenlik Hizmetlerinde Profesyonel \u00c7\u00f6z\u00fcm Orta\u011f\u0131n\u0131z Fiziki G\u00fcvenlik 5188 Say\u0131l\u0131 kanun \u00e7er\u00e7evesinde hizmet veren \u015firketimiz t\u00fcm alanlarda yine kanunun \u00f6ng\u00f6rd\u00fc\u011f\u00fc \u015fekilde fiziki g\u00fcvenlik hizmeti sa\u011flamaktad\u0131r. G\u00fcvenlik Dan\u0131\u015fmanl\u0131\u011f\u0131 \u015eirketimiz g\u00fcvenlik risklerinin minimuma d\u00fc\u015f\u00fcr\u00fclmesi ve tecr\u00fcbeye dayanan \u00d6zel G\u00fcvenlik uzmanlar\u0131n rapor ve tavsiyeleri ile mod\u00fcler ve entegre \u00e7\u00f6z\u00fcmler \u00fcretir. Elektronik G\u00fcvenlik CAT G\u00fcvenlik Hizmetleri Ltd. \u015eti. olarak g\u00f6revimiz; [&hellip;]<\/p>","protected":false},"author":1,"featured_media":0,"parent":0,"menu_order":0,"comment_status":"closed","ping_status":"closed","template":"tpl-default-elementor.php","meta":{"footnotes":""},"class_list":["post-1056","page","type-page","status-publish","hentry"],"_links":{"self":[{"href":"https:\/\/www.catguvenlik.com\/en\/wp-json\/wp\/v2\/pages\/1056","targetHints":{"allow":["GET"]}}],"collection":[{"href":"https:\/\/www.catguvenlik.com\/en\/wp-json\/wp\/v2\/pages"}],"about":[{"href":"https:\/\/www.catguvenlik.com\/en\/wp-json\/wp\/v2\/types\/page"}],"author":[{"embeddable":true,"href":"https:\/\/www.catguvenlik.com\/en\/wp-json\/wp\/v2\/users\/1"}],"replies":[{"embeddable":true,"href":"https:\/\/www.catguvenlik.com\/en\/wp-json\/wp\/v2\/comments?post=1056"}],"version-history":[{"count":16,"href":"https:\/\/www.catguvenlik.com\/en\/wp-json\/wp\/v2\/pages\/1056\/revisions"}],"predecessor-version":[{"id":3441,"href":"https:\/\/www.catguvenlik.com\/en\/wp-json\/wp\/v2\/pages\/1056\/revisions\/3441"}],"wp:attachment":[{"href":"https:\/\/www.catguvenlik.com\/en\/wp-json\/wp\/v2\/media?parent=1056"}],"curies":[{"name":"wp","href":"https:\/\/api.w.org\/{rel}","templated":true}]}}